{"id":135016,"date":"2025-01-17T14:24:38","date_gmt":"2025-01-17T13:24:38","guid":{"rendered":"https:\/\/quetzalexcursions.com\/excursiones\/combos\/"},"modified":"2025-06-13T22:22:09","modified_gmt":"2025-06-13T21:22:09","slug":"combos","status":"publish","type":"page","link":"https:\/\/quetzalexcursions.com\/es\/excursiones\/combos\/","title":{"rendered":"Combos"},"content":{"rendered":"\t\t<div data-elementor-type=\"wp-page\" data-elementor-id=\"135016\" class=\"elementor elementor-135016 elementor-936\" data-elementor-post-type=\"page\">\n\t\t\t\t<div class=\"elementor-element elementor-element-47e681c e-flex e-con-boxed e-con e-parent\" data-id=\"47e681c\" data-element_type=\"container\" data-settings=\"{&quot;background_background&quot;:&quot;classic&quot;}\">\n\t\t\t\t\t<div class=\"e-con-inner\">\n\t\t<div class=\"elementor-element elementor-element-aeaae05 e-con-full e-flex e-con e-child\" data-id=\"aeaae05\" data-element_type=\"container\" data-settings=\"{&quot;background_background&quot;:&quot;classic&quot;}\">\n\t\t\t\t<div class=\"elementor-element elementor-element-f9ab142 elementor-widget elementor-widget-heading\" data-id=\"f9ab142\" data-element_type=\"widget\" data-widget_type=\"heading.default\">\n\t\t\t\t<div class=\"elementor-widget-container\">\n\t\t\t\t\t<h1 class=\"elementor-heading-title elementor-size-default\">Elige un combo y ahorra dinero !<\/h1>\t\t\t\t<\/div>\n\t\t\t\t<\/div>\n\t\t\t\t<div class=\"elementor-element elementor-element-0c44051 elementor-widget elementor-widget-heading\" data-id=\"0c44051\" data-element_type=\"widget\" data-widget_type=\"heading.default\">\n\t\t\t\t<div class=\"elementor-widget-container\">\n\t\t\t\t\t<h2 class=\"elementor-heading-title elementor-size-default\">\u00bfNo se decide por una sola excursi\u00f3n? \u00a1Se lo ponemos m\u00e1s f\u00e1cil con estos combos para que pueda disfrutar de 2 experiencias al mejor precio!<\/h2>\t\t\t\t<\/div>\n\t\t\t\t<\/div>\n\t\t\t\t<\/div>\n\t\t\t\t\t<\/div>\n\t\t\t\t<\/div>\n\t\t<div class=\"elementor-element elementor-element-b4c7b78 e-flex e-con-boxed e-con e-parent\" data-id=\"b4c7b78\" data-element_type=\"container\">\n\t\t\t\t\t<div class=\"e-con-inner\">\n\t\t\t\t<div class=\"elementor-element elementor-element-af4392e elementor-headline--style-highlight elementor-widget elementor-widget-animated-headline\" data-id=\"af4392e\" data-element_type=\"widget\" data-settings=\"{&quot;marker&quot;:&quot;underline_zigzag&quot;,&quot;highlighted_text&quot;:&quot;Elija su Combo&quot;,&quot;headline_style&quot;:&quot;highlight&quot;,&quot;loop&quot;:&quot;yes&quot;,&quot;highlight_animation_duration&quot;:1200,&quot;highlight_iteration_delay&quot;:8000}\" data-widget_type=\"animated-headline.default\">\n\t\t\t\t<div class=\"elementor-widget-container\">\n\t\t\t\t\t\t\t<h3 class=\"elementor-headline\">\n\t\t\t\t<span class=\"elementor-headline-dynamic-wrapper elementor-headline-text-wrapper\">\n\t\t\t\t\t<span class=\"elementor-headline-dynamic-text elementor-headline-text-active\">Elija su Combo<\/span>\n\t\t\t\t<\/span>\n\t\t\t\t<\/h3>\n\t\t\t\t\t\t<\/div>\n\t\t\t\t<\/div>\n\t\t\t\t\t<\/div>\n\t\t\t\t<\/div>\n\t\t<div class=\"elementor-element elementor-element-056a85c e-flex e-con-boxed e-con e-child\" data-id=\"056a85c\" data-element_type=\"container\" data-settings=\"{&quot;background_background&quot;:&quot;classic&quot;}\">\n\t\t\t\t\t<div class=\"e-con-inner\">\n\t\t<div class=\"elementor-element elementor-element-587e333 e-con-full e-flex e-con e-child\" data-id=\"587e333\" data-element_type=\"container\">\n\t\t<div class=\"elementor-element elementor-element-b9d5f57 e-con-full e-flex e-con e-child\" data-id=\"b9d5f57\" data-element_type=\"container\">\n\t\t\t\t<div class=\"elementor-element elementor-element-d748a87 elementor-cta--valign-middle elementor-cta--layout-image-left elementor-cta--mobile-layout-image-above elementor-cta--skin-classic elementor-bg-transform elementor-bg-transform-zoom-in elementor-widget elementor-widget-call-to-action\" data-id=\"d748a87\" data-element_type=\"widget\" data-widget_type=\"call-to-action.default\">\n\t\t\t\t<div class=\"elementor-widget-container\">\n\t\t\t\t\t\t\t<a class=\"elementor-cta\" href=\"https:\/\/quetzalexcursions.com\/es\/excursion\/combo-dos-islas\/\">\n\t\t\t\t\t<div class=\"elementor-cta__bg-wrapper\">\n\t\t\t\t<div class=\"elementor-cta__bg elementor-bg\" style=\"background-image: url(https:\/\/quetzalexcursions.com\/wp-content\/uploads\/2025\/01\/combo-2-islands-1024x1024.jpg);\" role=\"img\" aria-label=\"combo-2-islands\"><\/div>\n\t\t\t\t<div class=\"elementor-cta__bg-overlay\"><\/div>\n\t\t\t<\/div>\n\t\t\t\t\t\t\t<div class=\"elementor-cta__content\">\n\t\t\t\t\n\t\t\t\t\t\t\t\t\t<h2 class=\"elementor-cta__title elementor-cta__content-item elementor-content-item\">\n\t\t\t\t\t\tSaona + Catalina\t\t\t\t\t<\/h2>\n\t\t\t\t\n\t\t\t\t\t\t\t\t\t<div class=\"elementor-cta__description elementor-cta__content-item elementor-content-item\">\n\t\t\t\t\t\t<ul>\n<li>Precio regular por un <strong>d\u00eda a Saona<\/strong> 159 USD + <strong>d\u00eda a Catalina<\/strong> 139 USD<\/li>\n<li>Gracias a este combo, si compra el viaje de Saona y el de Catalina, <strong>solo pagar\u00e1 268 USD POR LAS DOS EXCURSIONES.<\/strong><\/li>\n<\/ul><br>\n<p><strong>Un ahorro de 30 USD por persona !!!<\/strong><\/p>\n<p>PARA <strong>NI\u00d1OS<\/strong> entre 3 y 12 a\u00f1os: 75 USD + 65 USD = <strong>140 USD<\/strong><\/p>\t\t\t\t\t<\/div>\n\t\t\t\t\n\t\t\t\t\t\t\t\t\t<div class=\"elementor-cta__button-wrapper elementor-cta__content-item elementor-content-item \">\n\t\t\t\t\t<span class=\"elementor-cta__button elementor-button elementor-size-\">\n\t\t\t\t\t\t\u00a1Reserve Online!\t\t\t\t\t<\/span>\n\t\t\t\t\t<\/div>\n\t\t\t\t\t\t\t<\/div>\n\t\t\t\t\t\t<\/a>\n\t\t\t\t\t\t<\/div>\n\t\t\t\t<\/div>\n\t\t\t\t<\/div>\n\t\t<div class=\"elementor-element elementor-element-c1bcace e-con-full e-flex e-con e-child\" data-id=\"c1bcace\" data-element_type=\"container\">\n\t\t\t\t<div class=\"elementor-element elementor-element-d1fbc12 elementor-cta--valign-middle elementor-cta--layout-image-left elementor-cta--mobile-layout-image-above elementor-cta--skin-classic elementor-bg-transform elementor-bg-transform-zoom-in elementor-widget elementor-widget-call-to-action\" data-id=\"d1fbc12\" data-element_type=\"widget\" data-widget_type=\"call-to-action.default\">\n\t\t\t\t<div class=\"elementor-widget-container\">\n\t\t\t\t\t\t\t<a class=\"elementor-cta\" href=\"https:\/\/quetzalexcursions.com\/es\/excursion\/combo-tierra-y-mar-platinium\/\">\n\t\t\t\t\t<div class=\"elementor-cta__bg-wrapper\">\n\t\t\t\t<div class=\"elementor-cta__bg elementor-bg\" style=\"background-image: url(https:\/\/quetzalexcursions.com\/wp-content\/uploads\/2025\/01\/combo-land-and-sea-1024x1024.jpg);\" role=\"img\" aria-label=\"combo-land-and-sea\"><\/div>\n\t\t\t\t<div class=\"elementor-cta__bg-overlay\"><\/div>\n\t\t\t<\/div>\n\t\t\t\t\t\t\t<div class=\"elementor-cta__content\">\n\t\t\t\t\n\t\t\t\t\t\t\t\t\t<h2 class=\"elementor-cta__title elementor-cta__content-item elementor-content-item\">\n\t\t\t\t\t\tSaona + Dia de Buggy \u2013 Especial Atardecer\t\t\t\t\t<\/h2>\n\t\t\t\t\n\t\t\t\t\t\t\t\t\t<div class=\"elementor-cta__description elementor-cta__content-item elementor-content-item\">\n\t\t\t\t\t\t<ul>\n<li>Precio regular por un d\u00eda a Saona 159 USD + d\u00eda completo Excursi\u00f3n Buggys 139 USD<\/li>\n<li>Gracias a este Combo, si compras la excursi\u00f3n de d\u00eda a Saona + la excursi\u00f3n de buggy D\u00eda Completo sale m\u00e1s barata, por lo que&nbsp;<strong>solo pagas 278 USD&nbsp;<\/strong><\/li>\n<\/ul>\n<p>\u00a1Un <strong>ahorro de 20 USD<\/strong>&nbsp;por persona!<\/p>\n<ul>\n<li>Para&nbsp;<strong>NI\u00d1OS<\/strong>&nbsp;hasta 12 a\u00f1os:&nbsp;<strong>179 USD<\/strong><\/li>\n<\/ul><br>\n<p><em>Excursi\u00f3n en buggy disponible para ni\u00f1os a partir de 6 a\u00f1os<\/em><\/p>\t\t\t\t\t<\/div>\n\t\t\t\t\n\t\t\t\t\t\t\t\t\t<div class=\"elementor-cta__button-wrapper elementor-cta__content-item elementor-content-item \">\n\t\t\t\t\t<span class=\"elementor-cta__button elementor-button elementor-size-\">\n\t\t\t\t\t\t\u00a1Reserve Online!\t\t\t\t\t<\/span>\n\t\t\t\t\t<\/div>\n\t\t\t\t\t\t\t<\/div>\n\t\t\t\t\t\t<\/a>\n\t\t\t\t\t\t<\/div>\n\t\t\t\t<\/div>\n\t\t\t\t<\/div>\n\t\t\t\t<\/div>\n\t\t\t\t\t<\/div>\n\t\t\t\t<\/div>\n\t\t<div class=\"elementor-element elementor-element-ccd3c44 e-flex e-con-boxed e-con e-parent\" data-id=\"ccd3c44\" data-element_type=\"container\">\n\t\t\t\t\t<div class=\"e-con-inner\">\n\t\t\t\t<div class=\"elementor-element elementor-element-066ebb7 elementor-widget elementor-widget-heading\" data-id=\"066ebb7\" data-element_type=\"widget\" data-widget_type=\"heading.default\">\n\t\t\t\t<div class=\"elementor-widget-container\">\n\t\t\t\t\t<h4 class=\"elementor-heading-title elementor-size-default\">Se aplicar\u00e1 un 10% de descuento a partir de 3 excursiones y m\u00e1s !<\/h4>\t\t\t\t<\/div>\n\t\t\t\t<\/div>\n\t\t\t\t\t<\/div>\n\t\t\t\t<\/div>\n\t\t<div class=\"elementor-element elementor-element-dbf32a2 e-flex e-con-boxed e-con e-parent\" data-id=\"dbf32a2\" data-element_type=\"container\">\n\t\t\t\t\t<div class=\"e-con-inner\">\n\t\t\t\t<div class=\"elementor-element elementor-element-99d04cf elementor-headline--style-highlight elementor-widget elementor-widget-animated-headline\" data-id=\"99d04cf\" data-element_type=\"widget\" data-settings=\"{&quot;marker&quot;:&quot;underline_zigzag&quot;,&quot;highlighted_text&quot;:&quot;\\u00bfEst\\u00e1 buscando otra cosa?&quot;,&quot;headline_style&quot;:&quot;highlight&quot;,&quot;loop&quot;:&quot;yes&quot;,&quot;highlight_animation_duration&quot;:1200,&quot;highlight_iteration_delay&quot;:8000}\" data-widget_type=\"animated-headline.default\">\n\t\t\t\t<div class=\"elementor-widget-container\">\n\t\t\t\t\t\t\t<h3 class=\"elementor-headline\">\n\t\t\t\t<span class=\"elementor-headline-dynamic-wrapper elementor-headline-text-wrapper\">\n\t\t\t\t\t<span class=\"elementor-headline-dynamic-text elementor-headline-text-active\">\u00bfEst\u00e1 buscando otra cosa?<\/span>\n\t\t\t\t<\/span>\n\t\t\t\t<\/h3>\n\t\t\t\t\t\t<\/div>\n\t\t\t\t<\/div>\n\t\t\t\t\t<\/div>\n\t\t\t\t<\/div>\n\t\t<div class=\"elementor-element elementor-element-162ed4e6 e-flex e-con-boxed e-con e-child\" data-id=\"162ed4e6\" data-element_type=\"container\" data-settings=\"{&quot;background_background&quot;:&quot;classic&quot;}\">\n\t\t\t\t\t<div class=\"e-con-inner\">\n\t\t<div class=\"elementor-element elementor-element-47994511 e-con-full e-flex e-con e-child\" data-id=\"47994511\" data-element_type=\"container\">\n\t\t<div class=\"elementor-element elementor-element-44e2c2b e-con-full e-flex e-con e-child\" data-id=\"44e2c2b\" data-element_type=\"container\">\n\t\t\t\t<div class=\"elementor-element elementor-element-13244891 elementor-cta--skin-cover elementor-cta--valign-bottom elementor-bg-transform elementor-bg-transform-zoom-in elementor-widget elementor-widget-call-to-action\" data-id=\"13244891\" data-element_type=\"widget\" data-widget_type=\"call-to-action.default\">\n\t\t\t\t<div class=\"elementor-widget-container\">\n\t\t\t\t\t\t\t<a class=\"elementor-cta\" href=\"https:\/\/quetzalexcursions.com\/es\/excursiones\/privado\/\">\n\t\t\t\t\t<div class=\"elementor-cta__bg-wrapper\">\n\t\t\t\t<div class=\"elementor-cta__bg elementor-bg\" style=\"background-image: url(https:\/\/quetzalexcursions.com\/wp-content\/uploads\/2025\/01\/quetzal-catamaran-saona-excursion-1-1024x576.jpg);\" role=\"img\" aria-label=\"quetzal-catamaran-saona-excursion-1\"><\/div>\n\t\t\t\t<div class=\"elementor-cta__bg-overlay\"><\/div>\n\t\t\t<\/div>\n\t\t\t\t\t\t\t<div class=\"elementor-cta__content\">\n\t\t\t\t\n\t\t\t\t\n\t\t\t\t\n\t\t\t\t\t\t\t\t\t<div class=\"elementor-cta__button-wrapper elementor-cta__content-item elementor-content-item \">\n\t\t\t\t\t<span class=\"elementor-cta__button elementor-button elementor-size-\">\n\t\t\t\t\t\tPRIVADO\t\t\t\t\t<\/span>\n\t\t\t\t\t<\/div>\n\t\t\t\t\t\t\t<\/div>\n\t\t\t\t\t\t<\/a>\n\t\t\t\t\t\t<\/div>\n\t\t\t\t<\/div>\n\t\t\t\t<\/div>\n\t\t<div class=\"elementor-element elementor-element-225989bf e-con-full e-flex e-con e-child\" data-id=\"225989bf\" data-element_type=\"container\">\n\t\t\t\t<div class=\"elementor-element elementor-element-f568919 elementor-cta--skin-cover elementor-cta--valign-bottom elementor-bg-transform elementor-bg-transform-zoom-in elementor-widget elementor-widget-call-to-action\" data-id=\"f568919\" data-element_type=\"widget\" data-widget_type=\"call-to-action.default\">\n\t\t\t\t<div class=\"elementor-widget-container\">\n\t\t\t\t\t\t\t<a class=\"elementor-cta\" href=\"https:\/\/quetzalexcursions.com\/es\/excursiones\/excursiones-y-actividades\/\">\n\t\t\t\t\t<div class=\"elementor-cta__bg-wrapper\">\n\t\t\t\t<div class=\"elementor-cta__bg elementor-bg\" style=\"background-image: url(https:\/\/quetzalexcursions.com\/wp-content\/uploads\/2025\/01\/13692769_990440234405927_828158250796994454_o-1024x768.jpg);\" role=\"img\" aria-label=\"13692769_990440234405927_828158250796994454_o\"><\/div>\n\t\t\t\t<div class=\"elementor-cta__bg-overlay\"><\/div>\n\t\t\t<\/div>\n\t\t\t\t\t\t\t<div class=\"elementor-cta__content\">\n\t\t\t\t\n\t\t\t\t\n\t\t\t\t\n\t\t\t\t\t\t\t\t\t<div class=\"elementor-cta__button-wrapper elementor-cta__content-item elementor-content-item \">\n\t\t\t\t\t<span class=\"elementor-cta__button elementor-button elementor-size-\">\n\t\t\t\t\t\tEXCURSIONES\t\t\t\t\t<\/span>\n\t\t\t\t\t<\/div>\n\t\t\t\t\t\t\t<\/div>\n\t\t\t\t\t\t<\/a>\n\t\t\t\t\t\t<\/div>\n\t\t\t\t<\/div>\n\t\t\t\t<\/div>\n\t\t\t\t<\/div>\n\t\t\t\t\t<\/div>\n\t\t\t\t<\/div>\n\t\t\t\t<\/div>\n\t\t","protected":false},"excerpt":{"rendered":"<p>Elige un combo y ahorra dinero ! \u00bfNo se decide por una sola excursi\u00f3n? \u00a1Se lo ponemos m\u00e1s f\u00e1cil con estos combos para que pueda disfrutar de 2 experiencias al mejor precio! Elija su Combo Saona + Catalina Precio regular por un d\u00eda a Saona 159 USD + d\u00eda a Catalina 139 USD Gracias a [&hellip;]<\/p>\n","protected":false},"author":1,"featured_media":0,"parent":134989,"menu_order":0,"comment_status":"closed","ping_status":"closed","template":"","meta":{"_acf_changed":false,"footnotes":""},"class_list":["post-135016","page","type-page","status-publish","hentry"],"acf":[],"_links":{"self":[{"href":"https:\/\/quetzalexcursions.com\/es\/wp-json\/wp\/v2\/pages\/135016","targetHints":{"allow":["GET"]}}],"collection":[{"href":"https:\/\/quetzalexcursions.com\/es\/wp-json\/wp\/v2\/pages"}],"about":[{"href":"https:\/\/quetzalexcursions.com\/es\/wp-json\/wp\/v2\/types\/page"}],"author":[{"embeddable":true,"href":"https:\/\/quetzalexcursions.com\/es\/wp-json\/wp\/v2\/users\/1"}],"replies":[{"embeddable":true,"href":"https:\/\/quetzalexcursions.com\/es\/wp-json\/wp\/v2\/comments?post=135016"}],"version-history":[{"count":23,"href":"https:\/\/quetzalexcursions.com\/es\/wp-json\/wp\/v2\/pages\/135016\/revisions"}],"predecessor-version":[{"id":148346,"href":"https:\/\/quetzalexcursions.com\/es\/wp-json\/wp\/v2\/pages\/135016\/revisions\/148346"}],"up":[{"embeddable":true,"href":"https:\/\/quetzalexcursions.com\/es\/wp-json\/wp\/v2\/pages\/134989"}],"wp:attachment":[{"href":"https:\/\/quetzalexcursions.com\/es\/wp-json\/wp\/v2\/media?parent=135016"}],"curies":[{"name":"wp","href":"https:\/\/api.w.org\/{rel}","templated":true}]}}