{"id":135020,"date":"2025-01-17T14:01:24","date_gmt":"2025-01-17T13:01:24","guid":{"rendered":"https:\/\/quetzalexcursions.com\/excursiones\/private\/"},"modified":"2025-09-09T13:24:09","modified_gmt":"2025-09-09T12:24:09","slug":"privado","status":"publish","type":"page","link":"https:\/\/quetzalexcursions.com\/es\/excursiones\/privado\/","title":{"rendered":"Excursiones Privadas"},"content":{"rendered":"\t\t<div data-elementor-type=\"wp-page\" data-elementor-id=\"135020\" class=\"elementor elementor-135020 elementor-900\" data-elementor-post-type=\"page\">\n\t\t\t\t<div class=\"elementor-element elementor-element-47e681c e-flex e-con-boxed e-con e-parent\" data-id=\"47e681c\" data-element_type=\"container\" data-settings=\"{&quot;background_background&quot;:&quot;classic&quot;,&quot;background_motion_fx_motion_fx_scrolling&quot;:&quot;yes&quot;,&quot;background_motion_fx_translateY_effect&quot;:&quot;yes&quot;,&quot;background_motion_fx_translateY_speed&quot;:{&quot;unit&quot;:&quot;px&quot;,&quot;size&quot;:5,&quot;sizes&quot;:[]},&quot;background_motion_fx_range&quot;:&quot;viewport&quot;,&quot;background_motion_fx_translateY_affectedRange&quot;:{&quot;unit&quot;:&quot;%&quot;,&quot;size&quot;:&quot;&quot;,&quot;sizes&quot;:{&quot;start&quot;:0,&quot;end&quot;:100}},&quot;background_motion_fx_devices&quot;:[&quot;desktop&quot;,&quot;tablet&quot;,&quot;mobile&quot;]}\">\n\t\t\t\t\t<div class=\"e-con-inner\">\n\t\t<div class=\"elementor-element elementor-element-aeaae05 e-con-full e-flex e-con e-child\" data-id=\"aeaae05\" data-element_type=\"container\" data-settings=\"{&quot;background_background&quot;:&quot;classic&quot;}\">\n\t\t\t\t<div class=\"elementor-element elementor-element-f9ab142 elementor-widget elementor-widget-heading\" data-id=\"f9ab142\" data-element_type=\"widget\" data-widget_type=\"heading.default\">\n\t\t\t\t<div class=\"elementor-widget-container\">\n\t\t\t\t\t<h1 class=\"elementor-heading-title elementor-size-default\">CH\u00c1RTER PRIVADO<\/h1>\t\t\t\t<\/div>\n\t\t\t\t<\/div>\n\t\t\t\t<div class=\"elementor-element elementor-element-0c44051 elementor-widget elementor-widget-heading\" data-id=\"0c44051\" data-element_type=\"widget\" data-widget_type=\"heading.default\">\n\t\t\t\t<div class=\"elementor-widget-container\">\n\t\t\t\t\t<h2 class=\"elementor-heading-title elementor-size-default\">Nuestros tours privados son, sin duda, una experiencia \u00fanica en la que vivir\u00e1s momentos inigualables e inolvidables.<\/h2>\t\t\t\t<\/div>\n\t\t\t\t<\/div>\n\t\t\t\t<\/div>\n\t\t\t\t\t<\/div>\n\t\t\t\t<\/div>\n\t\t<div class=\"elementor-element elementor-element-e67f102 e-flex e-con-boxed e-con e-parent\" data-id=\"e67f102\" data-element_type=\"container\">\n\t\t\t\t\t<div class=\"e-con-inner\">\n\t\t\t\t<div class=\"elementor-element elementor-element-c4ecffb elementor-widget elementor-widget-text-editor\" data-id=\"c4ecffb\" data-element_type=\"widget\" data-widget_type=\"text-editor.default\">\n\t\t\t\t<div class=\"elementor-widget-container\">\n\t\t\t\t\t\t\t\t\t<p>\u00bfQuieres organizar un evento especial en el agua? Ofrecemos una cuidada selecci\u00f3n de embarcaciones adaptadas a tus necesidades y presupuesto. Ya sea para reuniones familiares, celebraciones con amigos o eventos corporativos, nuestras opciones garantizan comodidad, estilo y momentos inolvidables.<\/p>\t\t\t\t\t\t\t\t<\/div>\n\t\t\t\t<\/div>\n\t\t\t\t\t<\/div>\n\t\t\t\t<\/div>\n\t\t<div class=\"elementor-element elementor-element-b4c7b78 e-flex e-con-boxed e-con e-parent\" data-id=\"b4c7b78\" data-element_type=\"container\">\n\t\t\t\t\t<div class=\"e-con-inner\">\n\t\t\t\t<div class=\"elementor-element elementor-element-af4392e elementor-headline--style-highlight elementor-widget elementor-widget-animated-headline\" data-id=\"af4392e\" data-element_type=\"widget\" data-settings=\"{&quot;marker&quot;:&quot;underline_zigzag&quot;,&quot;highlighted_text&quot;:&quot;Privatizar el Catamar\\u00e1n Quetzal&quot;,&quot;headline_style&quot;:&quot;highlight&quot;,&quot;loop&quot;:&quot;yes&quot;,&quot;highlight_animation_duration&quot;:1200,&quot;highlight_iteration_delay&quot;:8000}\" data-widget_type=\"animated-headline.default\">\n\t\t\t\t<div class=\"elementor-widget-container\">\n\t\t\t\t\t\t\t<h3 class=\"elementor-headline\">\n\t\t\t\t<span class=\"elementor-headline-dynamic-wrapper elementor-headline-text-wrapper\">\n\t\t\t\t\t<span class=\"elementor-headline-dynamic-text elementor-headline-text-active\">Privatizar el Catamar\u00e1n Quetzal<\/span>\n\t\t\t\t<\/span>\n\t\t\t\t<\/h3>\n\t\t\t\t\t\t<\/div>\n\t\t\t\t<\/div>\n\t\t\t\t\t<\/div>\n\t\t\t\t<\/div>\n\t\t<div class=\"elementor-element elementor-element-056a85c e-flex e-con-boxed e-con e-child\" data-id=\"056a85c\" data-element_type=\"container\" data-settings=\"{&quot;background_background&quot;:&quot;classic&quot;}\">\n\t\t\t\t\t<div class=\"e-con-inner\">\n\t\t<div class=\"elementor-element elementor-element-587e333 e-con-full e-flex e-con e-child\" data-id=\"587e333\" data-element_type=\"container\">\n\t\t<div class=\"elementor-element elementor-element-b9d5f57 e-con-full e-flex e-con e-child\" data-id=\"b9d5f57\" data-element_type=\"container\">\n\t\t\t\t<div class=\"elementor-element elementor-element-d748a87 elementor-cta--valign-bottom elementor-cta--skin-classic elementor-bg-transform elementor-bg-transform-zoom-in elementor-widget elementor-widget-call-to-action\" data-id=\"d748a87\" data-element_type=\"widget\" data-widget_type=\"call-to-action.default\">\n\t\t\t\t<div class=\"elementor-widget-container\">\n\t\t\t\t\t\t\t<a class=\"elementor-cta\" href=\"https:\/\/quetzalexcursions.com\/es\/excursion\/excursion-de-dia-entero-privada\/\">\n\t\t\t\t\t<div class=\"elementor-cta__bg-wrapper\">\n\t\t\t\t<div class=\"elementor-cta__bg elementor-bg\" style=\"background-image: url(https:\/\/quetzalexcursions.com\/wp-content\/uploads\/2025\/01\/QUETZAL-1024x1024.jpg);\" role=\"img\" aria-label=\"QUETZAL\"><\/div>\n\t\t\t\t<div class=\"elementor-cta__bg-overlay\"><\/div>\n\t\t\t<\/div>\n\t\t\t\t\t\t\t<div class=\"elementor-cta__content\">\n\t\t\t\t\n\t\t\t\t\t\t\t\t\t<h2 class=\"elementor-cta__title elementor-cta__content-item elementor-content-item\">\n\t\t\t\t\t\t\u00a1Venga a disfrutar entre amigos y familiares de un d\u00eda \u00fanico para recordar!\t\t\t\t\t<\/h2>\n\t\t\t\t\n\t\t\t\t\t\t\t\t\t<div class=\"elementor-cta__description elementor-cta__content-item elementor-content-item\">\n\t\t\t\t\t\t<p><b>Max. 30 invitados<\/b><\/p>\n<p>Disfrute el privilegio de <strong>un crucero dise\u00f1ado por usted<\/strong> mismo o sugerida por profesionales en un <strong>ambiente acogedor, confortable y privado<\/strong>.<\/p>\t\t\t\t\t<\/div>\n\t\t\t\t\n\t\t\t\t\t\t\t\t\t<div class=\"elementor-cta__button-wrapper elementor-cta__content-item elementor-content-item \">\n\t\t\t\t\t<span class=\"elementor-cta__button elementor-button elementor-size-\">\n\t\t\t\t\t\t\u00a1Reserve Online!\t\t\t\t\t<\/span>\n\t\t\t\t\t<\/div>\n\t\t\t\t\t\t\t<\/div>\n\t\t\t\t\t\t<\/a>\n\t\t\t\t\t\t<\/div>\n\t\t\t\t<\/div>\n\t\t\t\t<\/div>\n\t\t<div class=\"elementor-element elementor-element-c1bcace e-con-full e-flex e-con e-child\" data-id=\"c1bcace\" data-element_type=\"container\">\n\t\t\t\t<div class=\"elementor-element elementor-element-d1fbc12 elementor-cta--valign-bottom elementor-cta--skin-classic elementor-bg-transform elementor-bg-transform-zoom-in elementor-widget elementor-widget-call-to-action\" data-id=\"d1fbc12\" data-element_type=\"widget\" data-widget_type=\"call-to-action.default\">\n\t\t\t\t<div class=\"elementor-widget-container\">\n\t\t\t\t\t\t\t<a class=\"elementor-cta\" href=\"https:\/\/quetzalexcursions.com\/es\/excursion\/excursion-privada-2-dias-1-noche\/\">\n\t\t\t\t\t<div class=\"elementor-cta__bg-wrapper\">\n\t\t\t\t<div class=\"elementor-cta__bg elementor-bg\" style=\"background-image: url(https:\/\/quetzalexcursions.com\/wp-content\/uploads\/2025\/01\/Quetzal-Saona-1-min-1024x768.jpg);\" role=\"img\" aria-label=\"Quetzal-Saona-1-min\"><\/div>\n\t\t\t\t<div class=\"elementor-cta__bg-overlay\"><\/div>\n\t\t\t<\/div>\n\t\t\t\t\t\t\t<div class=\"elementor-cta__content\">\n\t\t\t\t\n\t\t\t\t\t\t\t\t\t<h2 class=\"elementor-cta__title elementor-cta__content-item elementor-content-item\">\n\t\t\t\t\t\t2 d\u00edas con nosotros\t\t\t\t\t<\/h2>\n\t\t\t\t\n\t\t\t\t\t\t\t\t\t<div class=\"elementor-cta__description elementor-cta__content-item elementor-content-item\">\n\t\t\t\t\t\t<p><b>Max. 6 invitados<\/b><\/p>\n\n<p>Esta oferta&nbsp;esta solo <strong>disponible de&nbsp;marzo a&nbsp;octubre para un m\u00e1ximo de 8 participantes<\/strong>.<\/p>\nDisfrute de <b> un viaje de 48 horas <\/b>  con total comodidad en nuestras cuatro cabinas de lujo a bordo.\n\t\t\t\t\t<\/div>\n\t\t\t\t\n\t\t\t\t\t\t\t\t\t<div class=\"elementor-cta__button-wrapper elementor-cta__content-item elementor-content-item \">\n\t\t\t\t\t<span class=\"elementor-cta__button elementor-button elementor-size-\">\n\t\t\t\t\t\t\u00a1Reserve Online!\t\t\t\t\t<\/span>\n\t\t\t\t\t<\/div>\n\t\t\t\t\t\t\t<\/div>\n\t\t\t\t\t\t<\/a>\n\t\t\t\t\t\t<\/div>\n\t\t\t\t<\/div>\n\t\t\t\t<\/div>\n\t\t\t\t<\/div>\n\t\t\t\t\t<\/div>\n\t\t\t\t<\/div>\n\t\t<div class=\"elementor-element elementor-element-ccd3c44 e-flex e-con-boxed e-con e-parent\" data-id=\"ccd3c44\" data-element_type=\"container\">\n\t\t\t\t\t<div class=\"e-con-inner\">\n\t\t\t\t<div class=\"elementor-element elementor-element-0c0e5df elementor-headline--style-highlight elementor-widget elementor-widget-animated-headline\" data-id=\"0c0e5df\" data-element_type=\"widget\" data-settings=\"{&quot;marker&quot;:&quot;underline_zigzag&quot;,&quot;highlighted_text&quot;:&quot;Explora nuestros otros barcos disponibles&quot;,&quot;headline_style&quot;:&quot;highlight&quot;,&quot;loop&quot;:&quot;yes&quot;,&quot;highlight_animation_duration&quot;:1200,&quot;highlight_iteration_delay&quot;:8000}\" data-widget_type=\"animated-headline.default\">\n\t\t\t\t<div class=\"elementor-widget-container\">\n\t\t\t\t\t\t\t<h3 class=\"elementor-headline\">\n\t\t\t\t<span class=\"elementor-headline-dynamic-wrapper elementor-headline-text-wrapper\">\n\t\t\t\t\t<span class=\"elementor-headline-dynamic-text elementor-headline-text-active\">Explora nuestros otros barcos disponibles<\/span>\n\t\t\t\t<\/span>\n\t\t\t\t<\/h3>\n\t\t\t\t\t\t<\/div>\n\t\t\t\t<\/div>\n\t\t\t\t\t<\/div>\n\t\t\t\t<\/div>\n\t\t<div class=\"elementor-element elementor-element-41fbb01 e-flex e-con-boxed e-con e-child\" data-id=\"41fbb01\" data-element_type=\"container\" data-settings=\"{&quot;background_background&quot;:&quot;classic&quot;}\">\n\t\t\t\t\t<div class=\"e-con-inner\">\n\t\t<div class=\"elementor-element elementor-element-9e1da82 e-con-full e-flex e-con e-child\" data-id=\"9e1da82\" data-element_type=\"container\">\n\t\t<div class=\"elementor-element elementor-element-5950896 e-con-full e-flex e-con e-child\" data-id=\"5950896\" data-element_type=\"container\">\n\t\t\t\t<div class=\"elementor-element elementor-element-65f6546 elementor-cta--valign-bottom elementor-cta--skin-classic elementor-bg-transform elementor-bg-transform-zoom-in elementor-widget elementor-widget-call-to-action\" data-id=\"65f6546\" data-element_type=\"widget\" data-widget_type=\"call-to-action.default\">\n\t\t\t\t<div class=\"elementor-widget-container\">\n\t\t\t\t\t\t\t<a class=\"elementor-cta\" href=\"https:\/\/quetzalexcursions.com\/es\/excursion\/excursion-privada-con-catamaran-de-velas\/\">\n\t\t\t\t\t<div class=\"elementor-cta__bg-wrapper\">\n\t\t\t\t<div class=\"elementor-cta__bg elementor-bg\" style=\"background-image: url(https:\/\/quetzalexcursions.com\/wp-content\/uploads\/2025\/01\/vue-aerienne-voile.jpg);\" role=\"img\" aria-label=\"vue-aerienne-voile\"><\/div>\n\t\t\t\t<div class=\"elementor-cta__bg-overlay\"><\/div>\n\t\t\t<\/div>\n\t\t\t\t\t\t\t<div class=\"elementor-cta__content\">\n\t\t\t\t\n\t\t\t\t\n\t\t\t\t\t\t\t\t\t<div class=\"elementor-cta__description elementor-cta__content-item elementor-content-item\">\n\t\t\t\t\t\t<p><b>Max. 10 invitados<\/b><\/p>\n<p>\u00a1Ven a disfrutar de un d\u00eda excepcional en este<strong> velero de 15 metros!&nbsp;<\/strong><\/p>\n<p><strong>Comodidad a bordo garantizada (sal\u00f3n interior y exterior, 2 ba\u00f1os, camarotes, camas de sol)\u2026<\/strong><\/p>\n<p>\u00a1All\u00ed te sentir\u00e1s como en casa!<\/p>\n<p><strong>Saona, Catalina, piscina natural, la elecci\u00f3n es suya<\/strong>\u2026!<\/p>\t\t\t\t\t<\/div>\n\t\t\t\t\n\t\t\t\t\t\t\t\t\t<div class=\"elementor-cta__button-wrapper elementor-cta__content-item elementor-content-item \">\n\t\t\t\t\t<span class=\"elementor-cta__button elementor-button elementor-size-\">\n\t\t\t\t\t\t\u00a1Reserve Online!\t\t\t\t\t<\/span>\n\t\t\t\t\t<\/div>\n\t\t\t\t\t\t\t<\/div>\n\t\t\t\t\t\t<\/a>\n\t\t\t\t\t\t<\/div>\n\t\t\t\t<\/div>\n\t\t\t\t<\/div>\n\t\t<div class=\"elementor-element elementor-element-393041e e-con-full e-flex e-con e-child\" data-id=\"393041e\" data-element_type=\"container\">\n\t\t\t\t<div class=\"elementor-element elementor-element-28c8ed4 elementor-cta--valign-bottom elementor-cta--skin-classic elementor-bg-transform elementor-bg-transform-zoom-in elementor-widget elementor-widget-call-to-action\" data-id=\"28c8ed4\" data-element_type=\"widget\" data-widget_type=\"call-to-action.default\">\n\t\t\t\t<div class=\"elementor-widget-container\">\n\t\t\t\t\t\t\t<a class=\"elementor-cta\" href=\"https:\/\/quetzalexcursions.com\/es\/excursion\/dia-de-sensaciones-privado-yate\/\">\n\t\t\t\t\t<div class=\"elementor-cta__bg-wrapper\">\n\t\t\t\t<div class=\"elementor-cta__bg elementor-bg\" style=\"background-image: url(https:\/\/quetzalexcursions.com\/wp-content\/uploads\/2025\/01\/YACHT-FISHING-STYLE-1024x576.jpg);\" role=\"img\" aria-label=\"YACHT-FISHING-STYLE\"><\/div>\n\t\t\t\t<div class=\"elementor-cta__bg-overlay\"><\/div>\n\t\t\t<\/div>\n\t\t\t\t\t\t\t<div class=\"elementor-cta__content\">\n\t\t\t\t\n\t\t\t\t\n\t\t\t\t\t\t\t\t\t<div class=\"elementor-cta__description elementor-cta__content-item elementor-content-item\">\n\t\t\t\t\t\t<p><b>Max. 8 invitados<\/b><\/p>\n<p>\u00a1Quetzal excursions le ofrece un viaje \u00fanico a la Rep\u00fablica Dominicana, <strong>para privatizar con amigos o familiares!<\/strong><\/p>\n<p>Tome asiento a bordo de este c\u00f3modo <strong>yate de 43 pies<\/strong>\u2026 Si eres un entusiasta de la pesca, <strong>\u00a1incluso puedes disfrutar de las instalaciones de pesca gratis!<\/strong><\/p>\t\t\t\t\t<\/div>\n\t\t\t\t\n\t\t\t\t\t\t\t\t\t<div class=\"elementor-cta__button-wrapper elementor-cta__content-item elementor-content-item \">\n\t\t\t\t\t<span class=\"elementor-cta__button elementor-button elementor-size-\">\n\t\t\t\t\t\t\u00a1Reserve Online!\t\t\t\t\t<\/span>\n\t\t\t\t\t<\/div>\n\t\t\t\t\t\t\t<\/div>\n\t\t\t\t\t\t<\/a>\n\t\t\t\t\t\t<\/div>\n\t\t\t\t<\/div>\n\t\t\t\t<\/div>\n\t\t<div class=\"elementor-element elementor-element-fa9f45d e-con-full e-flex e-con e-child\" data-id=\"fa9f45d\" data-element_type=\"container\">\n\t\t\t\t<div class=\"elementor-element elementor-element-6dc75d6 elementor-cta--valign-bottom elementor-cta--skin-classic elementor-bg-transform elementor-bg-transform-zoom-in elementor-widget elementor-widget-call-to-action\" data-id=\"6dc75d6\" data-element_type=\"widget\" data-widget_type=\"call-to-action.default\">\n\t\t\t\t<div class=\"elementor-widget-container\">\n\t\t\t\t\t\t\t<a class=\"elementor-cta\" href=\"https:\/\/quetzalexcursions.com\/es\/excursion\/excursion-privada-en-catamaran-a-motor\/\">\n\t\t\t\t\t<div class=\"elementor-cta__bg-wrapper\">\n\t\t\t\t<div class=\"elementor-cta__bg elementor-bg\" style=\"background-image: url(https:\/\/quetzalexcursions.com\/wp-content\/uploads\/2025\/01\/CATAMARAN-MOTORISE-1-1024x1024.jpg);\" role=\"img\" aria-label=\"CATAMARAN-MOTORISE-1\"><\/div>\n\t\t\t\t<div class=\"elementor-cta__bg-overlay\"><\/div>\n\t\t\t<\/div>\n\t\t\t\t\t\t\t<div class=\"elementor-cta__content\">\n\t\t\t\t\n\t\t\t\t\n\t\t\t\t\t\t\t\t\t<div class=\"elementor-cta__description elementor-cta__content-item elementor-content-item\">\n\t\t\t\t\t\t<p><b>Max. 60 invitados<\/b><\/p>\n<p>\u00bfViaja a Rep\u00fablica Dominicana con muchos amigos o gente de la familia y le gustar\u00eda estar con todos a bordo del mismo<strong>&nbsp;barco para compartir un d\u00eda inolvidable?<\/strong><\/p>\n<p>La excursi\u00f3n Quetzal pone a su disposici\u00f3n este c\u00f3modo&nbsp;<strong>barco motorizado con una capacidad m\u00e1xima de 60 personas<\/strong>.<\/p>\n<p>\u00a1Cu\u00e9ntenos qu\u00e9 le gustar\u00eda y&nbsp;<strong>organizaremos el d\u00eda de sus sue\u00f1os!<\/strong><\/p>\t\t\t\t\t<\/div>\n\t\t\t\t\n\t\t\t\t\t\t\t\t\t<div class=\"elementor-cta__button-wrapper elementor-cta__content-item elementor-content-item \">\n\t\t\t\t\t<span class=\"elementor-cta__button elementor-button elementor-size-\">\n\t\t\t\t\t\t\u00a1Reserve Online!\t\t\t\t\t<\/span>\n\t\t\t\t\t<\/div>\n\t\t\t\t\t\t\t<\/div>\n\t\t\t\t\t\t<\/a>\n\t\t\t\t\t\t<\/div>\n\t\t\t\t<\/div>\n\t\t\t\t<\/div>\n\t\t<div class=\"elementor-element elementor-element-7142d20 e-con-full e-flex e-con e-child\" data-id=\"7142d20\" data-element_type=\"container\">\n\t\t\t\t<div class=\"elementor-element elementor-element-af41af9 elementor-cta--valign-bottom elementor-cta--skin-classic elementor-bg-transform elementor-bg-transform-zoom-in elementor-widget elementor-widget-call-to-action\" data-id=\"af41af9\" data-element_type=\"widget\" data-widget_type=\"call-to-action.default\">\n\t\t\t\t<div class=\"elementor-widget-container\">\n\t\t\t\t\t\t\t<a class=\"elementor-cta\" href=\"https:\/\/quetzalexcursions.com\/es\/excursion\/excursion-privada-lancha-rapida-lujo\/\">\n\t\t\t\t\t<div class=\"elementor-cta__bg-wrapper\">\n\t\t\t\t<div class=\"elementor-cta__bg elementor-bg\" style=\"background-image: url(https:\/\/quetzalexcursions.com\/wp-content\/uploads\/2025\/01\/BATEAU-RAPIDE-LUXE-1024x1024.jpg);\" role=\"img\" aria-label=\"BATEAU-RAPIDE-LUXE\"><\/div>\n\t\t\t\t<div class=\"elementor-cta__bg-overlay\"><\/div>\n\t\t\t<\/div>\n\t\t\t\t\t\t\t<div class=\"elementor-cta__content\">\n\t\t\t\t\n\t\t\t\t\n\t\t\t\t\t\t\t\t\t<div class=\"elementor-cta__description elementor-cta__content-item elementor-content-item\">\n\t\t\t\t\t\t<p><b>Max. 6 invitados<\/b><\/p>\n<p><b>Ven y disfruta de un dia de adrenalina a bordo de un aut\u00e9ntico BARCO RAPIDO<\/b>, tipo cigarette\u2026<\/p>\n<p><b>Este mini yate de 11 metros le llevar\u00e1<\/b>, seg\u00fan sus deseos, a descubrir la<b> isla Saona, la piscina natural de las Palmillas<\/b>\u2026 Cu\u00e9ntenos sus deseos\u2026 nos encargaremos de ofrecerle una excursi\u00f3n a su medida!<\/p>\t\t\t\t\t<\/div>\n\t\t\t\t\n\t\t\t\t\t\t\t\t\t<div class=\"elementor-cta__button-wrapper elementor-cta__content-item elementor-content-item \">\n\t\t\t\t\t<span class=\"elementor-cta__button elementor-button elementor-size-\">\n\t\t\t\t\t\t\u00a1Reserve Online!\t\t\t\t\t<\/span>\n\t\t\t\t\t<\/div>\n\t\t\t\t\t\t\t<\/div>\n\t\t\t\t\t\t<\/a>\n\t\t\t\t\t\t<\/div>\n\t\t\t\t<\/div>\n\t\t\t\t<\/div>\n\t\t\t\t<\/div>\n\t\t\t\t\t<\/div>\n\t\t\t\t<\/div>\n\t\t<div class=\"elementor-element elementor-element-dbf32a2 e-flex e-con-boxed e-con e-parent\" data-id=\"dbf32a2\" data-element_type=\"container\">\n\t\t\t\t\t<div class=\"e-con-inner\">\n\t\t\t\t<div class=\"elementor-element elementor-element-99d04cf elementor-headline--style-highlight elementor-widget elementor-widget-animated-headline\" data-id=\"99d04cf\" data-element_type=\"widget\" data-settings=\"{&quot;marker&quot;:&quot;underline_zigzag&quot;,&quot;highlighted_text&quot;:&quot;\\u00bfEst\\u00e1 buscando otra cosa?&quot;,&quot;headline_style&quot;:&quot;highlight&quot;,&quot;loop&quot;:&quot;yes&quot;,&quot;highlight_animation_duration&quot;:1200,&quot;highlight_iteration_delay&quot;:8000}\" data-widget_type=\"animated-headline.default\">\n\t\t\t\t<div class=\"elementor-widget-container\">\n\t\t\t\t\t\t\t<h3 class=\"elementor-headline\">\n\t\t\t\t<span class=\"elementor-headline-dynamic-wrapper elementor-headline-text-wrapper\">\n\t\t\t\t\t<span class=\"elementor-headline-dynamic-text elementor-headline-text-active\">\u00bfEst\u00e1 buscando otra cosa?<\/span>\n\t\t\t\t<\/span>\n\t\t\t\t<\/h3>\n\t\t\t\t\t\t<\/div>\n\t\t\t\t<\/div>\n\t\t\t\t\t<\/div>\n\t\t\t\t<\/div>\n\t\t<div class=\"elementor-element elementor-element-162ed4e6 e-flex e-con-boxed e-con e-child\" data-id=\"162ed4e6\" data-element_type=\"container\" data-settings=\"{&quot;background_background&quot;:&quot;classic&quot;}\">\n\t\t\t\t\t<div class=\"e-con-inner\">\n\t\t<div class=\"elementor-element elementor-element-47994511 e-con-full e-flex e-con e-child\" data-id=\"47994511\" data-element_type=\"container\">\n\t\t<div class=\"elementor-element elementor-element-44e2c2b e-con-full e-flex e-con e-child\" data-id=\"44e2c2b\" data-element_type=\"container\">\n\t\t\t\t<div class=\"elementor-element elementor-element-13244891 elementor-cta--skin-cover elementor-cta--valign-bottom elementor-bg-transform elementor-bg-transform-zoom-in elementor-widget elementor-widget-call-to-action\" data-id=\"13244891\" data-element_type=\"widget\" data-widget_type=\"call-to-action.default\">\n\t\t\t\t<div class=\"elementor-widget-container\">\n\t\t\t\t\t\t\t<a class=\"elementor-cta\" href=\"https:\/\/quetzalexcursions.com\/es\/excursions\/excursions-and-activities\/\">\n\t\t\t\t\t<div class=\"elementor-cta__bg-wrapper\">\n\t\t\t\t<div class=\"elementor-cta__bg elementor-bg\" style=\"background-image: url(https:\/\/quetzalexcursions.com\/wp-content\/uploads\/2025\/01\/quetzal-catamaran-saona-excursion-1-1024x576.jpg);\" role=\"img\" aria-label=\"quetzal-catamaran-saona-excursion-1\"><\/div>\n\t\t\t\t<div class=\"elementor-cta__bg-overlay\"><\/div>\n\t\t\t<\/div>\n\t\t\t\t\t\t\t<div class=\"elementor-cta__content\">\n\t\t\t\t\n\t\t\t\t\n\t\t\t\t\n\t\t\t\t\t\t\t\t\t<div class=\"elementor-cta__button-wrapper elementor-cta__content-item elementor-content-item \">\n\t\t\t\t\t<span class=\"elementor-cta__button elementor-button elementor-size-\">\n\t\t\t\t\t\tEXCURSIONES Regulares\t\t\t\t\t<\/span>\n\t\t\t\t\t<\/div>\n\t\t\t\t\t\t\t<\/div>\n\t\t\t\t\t\t<\/a>\n\t\t\t\t\t\t<\/div>\n\t\t\t\t<\/div>\n\t\t\t\t<\/div>\n\t\t<div class=\"elementor-element elementor-element-225989bf e-con-full e-flex e-con e-child\" data-id=\"225989bf\" data-element_type=\"container\">\n\t\t\t\t<div class=\"elementor-element elementor-element-f568919 elementor-cta--skin-cover elementor-cta--valign-bottom elementor-bg-transform elementor-bg-transform-zoom-in elementor-widget elementor-widget-call-to-action\" data-id=\"f568919\" data-element_type=\"widget\" data-widget_type=\"call-to-action.default\">\n\t\t\t\t<div class=\"elementor-widget-container\">\n\t\t\t\t\t\t\t<a class=\"elementor-cta\" href=\"https:\/\/quetzalexcursions.com\/es\/excursions\/combos\/\">\n\t\t\t\t\t<div class=\"elementor-cta__bg-wrapper\">\n\t\t\t\t<div class=\"elementor-cta__bg elementor-bg\" style=\"background-image: url(https:\/\/quetzalexcursions.com\/wp-content\/uploads\/2025\/01\/two-islands-combo-2-1024x376.png);\" role=\"img\" aria-label=\"two-islands-combo-2\"><\/div>\n\t\t\t\t<div class=\"elementor-cta__bg-overlay\"><\/div>\n\t\t\t<\/div>\n\t\t\t\t\t\t\t<div class=\"elementor-cta__content\">\n\t\t\t\t\n\t\t\t\t\n\t\t\t\t\n\t\t\t\t\t\t\t\t\t<div class=\"elementor-cta__button-wrapper elementor-cta__content-item elementor-content-item \">\n\t\t\t\t\t<span class=\"elementor-cta__button elementor-button elementor-size-\">\n\t\t\t\t\t\tCOMBOS\t\t\t\t\t<\/span>\n\t\t\t\t\t<\/div>\n\t\t\t\t\t\t\t<\/div>\n\t\t\t\t\t\t<\/a>\n\t\t\t\t\t\t<\/div>\n\t\t\t\t<\/div>\n\t\t\t\t<\/div>\n\t\t\t\t<\/div>\n\t\t\t\t\t<\/div>\n\t\t\t\t<\/div>\n\t\t<div class=\"elementor-element elementor-element-65f1645 e-flex e-con-boxed e-con e-parent\" data-id=\"65f1645\" data-element_type=\"container\">\n\t\t\t\t\t<div class=\"e-con-inner\">\n\t\t\t\t<div class=\"elementor-element elementor-element-f71b400 elementor-widget elementor-widget-html\" data-id=\"f71b400\" data-element_type=\"widget\" data-widget_type=\"html.default\">\n\t\t\t\t<div class=\"elementor-widget-container\">\n\t\t\t\t\t<script defer async src='https:\/\/cdn.trustindex.io\/loader.js?128606053b5e763ff5165d85299'><\/script>\t\t\t\t<\/div>\n\t\t\t\t<\/div>\n\t\t\t\t\t<\/div>\n\t\t\t\t<\/div>\n\t\t\t\t<\/div>\n\t\t","protected":false},"excerpt":{"rendered":"<p>CH\u00c1RTER PRIVADO Nuestros tours privados son, sin duda, una experiencia \u00fanica en la que vivir\u00e1s momentos inigualables e inolvidables. \u00bfQuieres organizar un evento especial en el agua? Ofrecemos una cuidada selecci\u00f3n de embarcaciones adaptadas a tus necesidades y presupuesto. Ya sea para reuniones familiares, celebraciones con amigos o eventos corporativos, nuestras opciones garantizan comodidad, estilo [&hellip;]<\/p>\n","protected":false},"author":1,"featured_media":0,"parent":134989,"menu_order":0,"comment_status":"closed","ping_status":"closed","template":"","meta":{"_acf_changed":false,"footnotes":""},"class_list":["post-135020","page","type-page","status-publish","hentry"],"acf":[],"_links":{"self":[{"href":"https:\/\/quetzalexcursions.com\/es\/wp-json\/wp\/v2\/pages\/135020","targetHints":{"allow":["GET"]}}],"collection":[{"href":"https:\/\/quetzalexcursions.com\/es\/wp-json\/wp\/v2\/pages"}],"about":[{"href":"https:\/\/quetzalexcursions.com\/es\/wp-json\/wp\/v2\/types\/page"}],"author":[{"embeddable":true,"href":"https:\/\/quetzalexcursions.com\/es\/wp-json\/wp\/v2\/users\/1"}],"replies":[{"embeddable":true,"href":"https:\/\/quetzalexcursions.com\/es\/wp-json\/wp\/v2\/comments?post=135020"}],"version-history":[{"count":58,"href":"https:\/\/quetzalexcursions.com\/es\/wp-json\/wp\/v2\/pages\/135020\/revisions"}],"predecessor-version":[{"id":149625,"href":"https:\/\/quetzalexcursions.com\/es\/wp-json\/wp\/v2\/pages\/135020\/revisions\/149625"}],"up":[{"embeddable":true,"href":"https:\/\/quetzalexcursions.com\/es\/wp-json\/wp\/v2\/pages\/134989"}],"wp:attachment":[{"href":"https:\/\/quetzalexcursions.com\/es\/wp-json\/wp\/v2\/media?parent=135020"}],"curies":[{"name":"wp","href":"https:\/\/api.w.org\/{rel}","templated":true}]}}