{"id":135015,"date":"2025-01-17T14:24:38","date_gmt":"2025-01-17T13:24:38","guid":{"rendered":"https:\/\/quetzalexcursions.com\/excursions\/combos\/"},"modified":"2025-06-13T22:22:43","modified_gmt":"2025-06-13T21:22:43","slug":"combos","status":"publish","type":"page","link":"https:\/\/quetzalexcursions.com\/fr\/excursions\/combos\/","title":{"rendered":"Packs \u00e9conomiques d&rsquo;excursions en R\u00e9publique Dominicaine"},"content":{"rendered":"\t\t<div data-elementor-type=\"wp-page\" data-elementor-id=\"135015\" class=\"elementor elementor-135015 elementor-936\" data-elementor-post-type=\"page\">\n\t\t\t\t<div class=\"elementor-element elementor-element-47e681c e-flex e-con-boxed e-con e-parent\" data-id=\"47e681c\" data-element_type=\"container\" data-settings=\"{&quot;background_background&quot;:&quot;classic&quot;}\">\n\t\t\t\t\t<div class=\"e-con-inner\">\n\t\t<div class=\"elementor-element elementor-element-aeaae05 e-con-full e-flex e-con e-child\" data-id=\"aeaae05\" data-element_type=\"container\" data-settings=\"{&quot;background_background&quot;:&quot;classic&quot;}\">\n\t\t\t\t<div class=\"elementor-element elementor-element-f9ab142 elementor-widget elementor-widget-heading\" data-id=\"f9ab142\" data-element_type=\"widget\" data-widget_type=\"heading.default\">\n\t\t\t\t<div class=\"elementor-widget-container\">\n\t\t\t\t\t<h1 class=\"elementor-heading-title elementor-size-default\">Packs excursions \u00e9conomiques<\/h1>\t\t\t\t<\/div>\n\t\t\t\t<\/div>\n\t\t\t\t<div class=\"elementor-element elementor-element-0c44051 elementor-widget elementor-widget-heading\" data-id=\"0c44051\" data-element_type=\"widget\" data-widget_type=\"heading.default\">\n\t\t\t\t<div class=\"elementor-widget-container\">\n\t\t\t\t\t<h2 class=\"elementor-heading-title elementor-size-default\">Pourquoi vous contenter d\u2019une excursion quand vous pouvez en vivre plusieurs ?<\/h2>\t\t\t\t<\/div>\n\t\t\t\t<\/div>\n\t\t\t\t<\/div>\n\t\t\t\t\t<\/div>\n\t\t\t\t<\/div>\n\t\t<div class=\"elementor-element elementor-element-b4c7b78 e-flex e-con-boxed e-con e-parent\" data-id=\"b4c7b78\" data-element_type=\"container\">\n\t\t\t\t\t<div class=\"e-con-inner\">\n\t\t\t\t<div class=\"elementor-element elementor-element-af4392e elementor-headline--style-highlight elementor-widget elementor-widget-animated-headline\" data-id=\"af4392e\" data-element_type=\"widget\" data-settings=\"{&quot;marker&quot;:&quot;underline_zigzag&quot;,&quot;highlighted_text&quot;:&quot;Choisissez votre combo&quot;,&quot;headline_style&quot;:&quot;highlight&quot;,&quot;loop&quot;:&quot;yes&quot;,&quot;highlight_animation_duration&quot;:1200,&quot;highlight_iteration_delay&quot;:8000}\" data-widget_type=\"animated-headline.default\">\n\t\t\t\t<div class=\"elementor-widget-container\">\n\t\t\t\t\t\t\t<h3 class=\"elementor-headline\">\n\t\t\t\t<span class=\"elementor-headline-dynamic-wrapper elementor-headline-text-wrapper\">\n\t\t\t\t\t<span class=\"elementor-headline-dynamic-text elementor-headline-text-active\">Choisissez votre combo<\/span>\n\t\t\t\t<\/span>\n\t\t\t\t<\/h3>\n\t\t\t\t\t\t<\/div>\n\t\t\t\t<\/div>\n\t\t\t\t\t<\/div>\n\t\t\t\t<\/div>\n\t\t<div class=\"elementor-element elementor-element-056a85c e-flex e-con-boxed e-con e-child\" data-id=\"056a85c\" data-element_type=\"container\" data-settings=\"{&quot;background_background&quot;:&quot;classic&quot;}\">\n\t\t\t\t\t<div class=\"e-con-inner\">\n\t\t<div class=\"elementor-element elementor-element-587e333 e-con-full e-flex e-con e-child\" data-id=\"587e333\" data-element_type=\"container\">\n\t\t<div class=\"elementor-element elementor-element-b9d5f57 e-con-full e-flex e-con e-child\" data-id=\"b9d5f57\" data-element_type=\"container\">\n\t\t\t\t<div class=\"elementor-element elementor-element-d748a87 elementor-cta--valign-middle elementor-cta--layout-image-left elementor-cta--mobile-layout-image-above elementor-cta--skin-classic elementor-bg-transform elementor-bg-transform-zoom-in elementor-widget elementor-widget-call-to-action\" data-id=\"d748a87\" data-element_type=\"widget\" data-widget_type=\"call-to-action.default\">\n\t\t\t\t<div class=\"elementor-widget-container\">\n\t\t\t\t\t\t\t<a class=\"elementor-cta\" href=\"https:\/\/quetzalexcursions.com\/fr\/excursion\/combo-les-2-iles\/\">\n\t\t\t\t\t<div class=\"elementor-cta__bg-wrapper\">\n\t\t\t\t<div class=\"elementor-cta__bg elementor-bg\" style=\"background-image: url(https:\/\/quetzalexcursions.com\/wp-content\/uploads\/2025\/02\/2-iles-1024x1024.jpg);\" role=\"img\" aria-label=\"2-iles\"><\/div>\n\t\t\t\t<div class=\"elementor-cta__bg-overlay\"><\/div>\n\t\t\t<\/div>\n\t\t\t\t\t\t\t<div class=\"elementor-cta__content\">\n\t\t\t\t\n\t\t\t\t\t\t\t\t\t<h2 class=\"elementor-cta__title elementor-cta__content-item elementor-content-item\">\n\t\t\t\t\t\tSaona + Catalina\t\t\t\t\t<\/h2>\n\t\t\t\t\n\t\t\t\t\t\t\t\t\t<div class=\"elementor-cta__description elementor-cta__content-item elementor-content-item\">\n\t\t\t\t\t\t<ul>\n<li>Prix r\u00e9gulier pour un&nbsp;<strong>jour \u00e0 Saona<\/strong>&nbsp;159 USD +&nbsp;<strong>jour \u00e0 Catalina<\/strong>&nbsp;139 USD<\/li>\n<li>Gr\u00e2ce \u00e0 ce combo, si vous optez pour la sortie Saona + Catalina, <strong>vous ne payez que 268 USD POUR DEUX EXCURSIONS<\/strong>.<\/li>\n<\/ul>\n<br><strong>Une \u00e9conomie de 30 USD par personne !!!<\/strong><br><br>\nPOUR LES&nbsp;<strong>ENFANTS<\/strong>&nbsp;DE 3 \u00c0 12 ANS: 75 USD + 65 USD =&nbsp;<strong>140 USD<\/strong>\t\t\t\t\t<\/div>\n\t\t\t\t\n\t\t\t\t\t\t\t\t\t<div class=\"elementor-cta__button-wrapper elementor-cta__content-item elementor-content-item \">\n\t\t\t\t\t<span class=\"elementor-cta__button elementor-button elementor-size-\">\n\t\t\t\t\t\t R\u00e9servez en ligne!\t\t\t\t\t<\/span>\n\t\t\t\t\t<\/div>\n\t\t\t\t\t\t\t<\/div>\n\t\t\t\t\t\t<\/a>\n\t\t\t\t\t\t<\/div>\n\t\t\t\t<\/div>\n\t\t\t\t<\/div>\n\t\t<div class=\"elementor-element elementor-element-c1bcace e-con-full e-flex e-con e-child\" data-id=\"c1bcace\" data-element_type=\"container\">\n\t\t\t\t<div class=\"elementor-element elementor-element-d1fbc12 elementor-cta--valign-middle elementor-cta--layout-image-left elementor-cta--mobile-layout-image-above elementor-cta--skin-classic elementor-bg-transform elementor-bg-transform-zoom-in elementor-widget elementor-widget-call-to-action\" data-id=\"d1fbc12\" data-element_type=\"widget\" data-widget_type=\"call-to-action.default\">\n\t\t\t\t<div class=\"elementor-widget-container\">\n\t\t\t\t\t\t\t<a class=\"elementor-cta\" href=\"https:\/\/quetzalexcursions.com\/fr\/excursion\/combo-terre-et-mer-platinium\/\">\n\t\t\t\t\t<div class=\"elementor-cta__bg-wrapper\">\n\t\t\t\t<div class=\"elementor-cta__bg elementor-bg\" style=\"background-image: url(https:\/\/quetzalexcursions.com\/wp-content\/uploads\/2025\/02\/combo-terre-et-mer-1024x1024.jpg);\" role=\"img\" aria-label=\"combo-terre-et-mer\"><\/div>\n\t\t\t\t<div class=\"elementor-cta__bg-overlay\"><\/div>\n\t\t\t<\/div>\n\t\t\t\t\t\t\t<div class=\"elementor-cta__content\">\n\t\t\t\t\n\t\t\t\t\t\t\t\t\t<h2 class=\"elementor-cta__title elementor-cta__content-item elementor-content-item\">\n\t\t\t\t\t\tSaona + Journ\u00e9e Buggy Sunset\t\t\t\t\t<\/h2>\n\t\t\t\t\n\t\t\t\t\t\t\t\t\t<div class=\"elementor-cta__description elementor-cta__content-item elementor-content-item\">\n\t\t\t\t\t\t<ul>\n<li>Prix de base journ\u00e9e Saona&nbsp;<b><\/b>159 USD + Journ\u00e9e complete&nbsp;<b>Buggys<\/b> 139 USD<\/li>\n<li>Gr\u00e2ce \u00e0 ce combo, la journ\u00e9e \u00e0 Saona + la journ\u00e9e Buggy vous est propos\u00e9e \u00e0&nbsp;<strong>278<\/strong><b>USD \/&nbsp;<\/b><b>personne<\/b><b>&nbsp;\u2013&nbsp;<\/b><b>soit<\/b><b>&nbsp;20$&nbsp;<\/b><b>d\u2019\u00e9conomies<\/b><b>!!<\/b><\/li>\n<li>Prix du combo pour les enfants jusqu\u2019\u00e0 12:&nbsp;<b>179&nbsp;<\/b><b><\/b><b>USD<\/b><\/li>\n<\/ul>\n<br><em>Excursion buggy disponible pour les enfants \u00e0 partir de 6 ans<\/em>\t\t\t\t\t<\/div>\n\t\t\t\t\n\t\t\t\t\t\t\t\t\t<div class=\"elementor-cta__button-wrapper elementor-cta__content-item elementor-content-item \">\n\t\t\t\t\t<span class=\"elementor-cta__button elementor-button elementor-size-\">\n\t\t\t\t\t\t R\u00e9servez en ligne!\t\t\t\t\t<\/span>\n\t\t\t\t\t<\/div>\n\t\t\t\t\t\t\t<\/div>\n\t\t\t\t\t\t<\/a>\n\t\t\t\t\t\t<\/div>\n\t\t\t\t<\/div>\n\t\t\t\t<\/div>\n\t\t\t\t<\/div>\n\t\t\t\t\t<\/div>\n\t\t\t\t<\/div>\n\t\t<div class=\"elementor-element elementor-element-ccd3c44 e-flex e-con-boxed e-con e-parent\" data-id=\"ccd3c44\" data-element_type=\"container\">\n\t\t\t\t\t<div class=\"e-con-inner\">\n\t\t\t\t<div class=\"elementor-element elementor-element-066ebb7 elementor-widget elementor-widget-heading\" data-id=\"066ebb7\" data-element_type=\"widget\" data-widget_type=\"heading.default\">\n\t\t\t\t<div class=\"elementor-widget-container\">\n\t\t\t\t\t<h4 class=\"elementor-heading-title elementor-size-default\">Une remise de 10% sera appliqu\u00e9e \u00e0 partir de la 3\u00e8me excursion !\n<\/h4>\t\t\t\t<\/div>\n\t\t\t\t<\/div>\n\t\t\t\t\t<\/div>\n\t\t\t\t<\/div>\n\t\t<div class=\"elementor-element elementor-element-dbf32a2 e-flex e-con-boxed e-con e-parent\" data-id=\"dbf32a2\" data-element_type=\"container\">\n\t\t\t\t\t<div class=\"e-con-inner\">\n\t\t\t\t<div class=\"elementor-element elementor-element-99d04cf elementor-headline--style-highlight elementor-widget elementor-widget-animated-headline\" data-id=\"99d04cf\" data-element_type=\"widget\" data-settings=\"{&quot;marker&quot;:&quot;underline_zigzag&quot;,&quot;highlighted_text&quot;:&quot;Vous cherchez autre chose?&quot;,&quot;headline_style&quot;:&quot;highlight&quot;,&quot;loop&quot;:&quot;yes&quot;,&quot;highlight_animation_duration&quot;:1200,&quot;highlight_iteration_delay&quot;:8000}\" data-widget_type=\"animated-headline.default\">\n\t\t\t\t<div class=\"elementor-widget-container\">\n\t\t\t\t\t\t\t<h3 class=\"elementor-headline\">\n\t\t\t\t<span class=\"elementor-headline-dynamic-wrapper elementor-headline-text-wrapper\">\n\t\t\t\t\t<span class=\"elementor-headline-dynamic-text elementor-headline-text-active\">Vous cherchez autre chose?<\/span>\n\t\t\t\t<\/span>\n\t\t\t\t<\/h3>\n\t\t\t\t\t\t<\/div>\n\t\t\t\t<\/div>\n\t\t\t\t\t<\/div>\n\t\t\t\t<\/div>\n\t\t<div class=\"elementor-element elementor-element-162ed4e6 e-flex e-con-boxed e-con e-child\" data-id=\"162ed4e6\" data-element_type=\"container\" data-settings=\"{&quot;background_background&quot;:&quot;classic&quot;}\">\n\t\t\t\t\t<div class=\"e-con-inner\">\n\t\t<div class=\"elementor-element elementor-element-47994511 e-con-full e-flex e-con e-child\" data-id=\"47994511\" data-element_type=\"container\">\n\t\t<div class=\"elementor-element elementor-element-44e2c2b e-con-full e-flex e-con e-child\" data-id=\"44e2c2b\" data-element_type=\"container\">\n\t\t\t\t<div class=\"elementor-element elementor-element-13244891 elementor-cta--skin-cover elementor-cta--valign-bottom elementor-bg-transform elementor-bg-transform-zoom-in elementor-widget elementor-widget-call-to-action\" data-id=\"13244891\" data-element_type=\"widget\" data-widget_type=\"call-to-action.default\">\n\t\t\t\t<div class=\"elementor-widget-container\">\n\t\t\t\t\t\t\t<a class=\"elementor-cta\" href=\"https:\/\/quetzalexcursions.com\/fr\/excursions\/prive\/\">\n\t\t\t\t\t<div class=\"elementor-cta__bg-wrapper\">\n\t\t\t\t<div class=\"elementor-cta__bg elementor-bg\" style=\"background-image: url(https:\/\/quetzalexcursions.com\/wp-content\/uploads\/2025\/01\/quetzal-catamaran-saona-excursion-1-1024x576.jpg);\" role=\"img\" aria-label=\"quetzal-catamaran-saona-excursion-1\"><\/div>\n\t\t\t\t<div class=\"elementor-cta__bg-overlay\"><\/div>\n\t\t\t<\/div>\n\t\t\t\t\t\t\t<div class=\"elementor-cta__content\">\n\t\t\t\t\n\t\t\t\t\n\t\t\t\t\n\t\t\t\t\t\t\t\t\t<div class=\"elementor-cta__button-wrapper elementor-cta__content-item elementor-content-item \">\n\t\t\t\t\t<span class=\"elementor-cta__button elementor-button elementor-size-\">\n\t\t\t\t\t\tLOCATION DE BATEAUX PRIVES\t\t\t\t\t<\/span>\n\t\t\t\t\t<\/div>\n\t\t\t\t\t\t\t<\/div>\n\t\t\t\t\t\t<\/a>\n\t\t\t\t\t\t<\/div>\n\t\t\t\t<\/div>\n\t\t\t\t<\/div>\n\t\t<div class=\"elementor-element elementor-element-225989bf e-con-full e-flex e-con e-child\" data-id=\"225989bf\" data-element_type=\"container\">\n\t\t\t\t<div class=\"elementor-element elementor-element-f568919 elementor-cta--skin-cover elementor-cta--valign-bottom elementor-bg-transform elementor-bg-transform-zoom-in elementor-widget elementor-widget-call-to-action\" data-id=\"f568919\" data-element_type=\"widget\" data-widget_type=\"call-to-action.default\">\n\t\t\t\t<div class=\"elementor-widget-container\">\n\t\t\t\t\t\t\t<a class=\"elementor-cta\" href=\"https:\/\/quetzalexcursions.com\/fr\/excursions\/excursions-et-activites\/\">\n\t\t\t\t\t<div class=\"elementor-cta__bg-wrapper\">\n\t\t\t\t<div class=\"elementor-cta__bg elementor-bg\" style=\"background-image: url(https:\/\/quetzalexcursions.com\/wp-content\/uploads\/2025\/01\/13692769_990440234405927_828158250796994454_o-1024x768.jpg);\" role=\"img\" aria-label=\"13692769_990440234405927_828158250796994454_o\"><\/div>\n\t\t\t\t<div class=\"elementor-cta__bg-overlay\"><\/div>\n\t\t\t<\/div>\n\t\t\t\t\t\t\t<div class=\"elementor-cta__content\">\n\t\t\t\t\n\t\t\t\t\n\t\t\t\t\n\t\t\t\t\t\t\t\t\t<div class=\"elementor-cta__button-wrapper elementor-cta__content-item elementor-content-item \">\n\t\t\t\t\t<span class=\"elementor-cta__button elementor-button elementor-size-\">\n\t\t\t\t\t\tEXCURSIONS REGULIERES\t\t\t\t\t<\/span>\n\t\t\t\t\t<\/div>\n\t\t\t\t\t\t\t<\/div>\n\t\t\t\t\t\t<\/a>\n\t\t\t\t\t\t<\/div>\n\t\t\t\t<\/div>\n\t\t\t\t<\/div>\n\t\t\t\t<\/div>\n\t\t\t\t\t<\/div>\n\t\t\t\t<\/div>\n\t\t\t\t<\/div>\n\t\t","protected":false},"excerpt":{"rendered":"<p>Packs excursions \u00e9conomiques Pourquoi vous contenter d\u2019une excursion quand vous pouvez en vivre plusieurs ? Choisissez votre combo Saona + Catalina Prix r\u00e9gulier pour un&nbsp;jour \u00e0 Saona&nbsp;159 USD +&nbsp;jour \u00e0 Catalina&nbsp;139 USD Gr\u00e2ce \u00e0 ce combo, si vous optez pour la sortie Saona + Catalina, vous ne payez que 268 USD POUR DEUX EXCURSIONS. Une [&hellip;]<\/p>\n","protected":false},"author":1,"featured_media":0,"parent":134988,"menu_order":0,"comment_status":"closed","ping_status":"closed","template":"","meta":{"_acf_changed":false,"footnotes":""},"class_list":["post-135015","page","type-page","status-publish","hentry"],"acf":[],"_links":{"self":[{"href":"https:\/\/quetzalexcursions.com\/fr\/wp-json\/wp\/v2\/pages\/135015","targetHints":{"allow":["GET"]}}],"collection":[{"href":"https:\/\/quetzalexcursions.com\/fr\/wp-json\/wp\/v2\/pages"}],"about":[{"href":"https:\/\/quetzalexcursions.com\/fr\/wp-json\/wp\/v2\/types\/page"}],"author":[{"embeddable":true,"href":"https:\/\/quetzalexcursions.com\/fr\/wp-json\/wp\/v2\/users\/1"}],"replies":[{"embeddable":true,"href":"https:\/\/quetzalexcursions.com\/fr\/wp-json\/wp\/v2\/comments?post=135015"}],"version-history":[{"count":23,"href":"https:\/\/quetzalexcursions.com\/fr\/wp-json\/wp\/v2\/pages\/135015\/revisions"}],"predecessor-version":[{"id":148349,"href":"https:\/\/quetzalexcursions.com\/fr\/wp-json\/wp\/v2\/pages\/135015\/revisions\/148349"}],"up":[{"embeddable":true,"href":"https:\/\/quetzalexcursions.com\/fr\/wp-json\/wp\/v2\/pages\/134988"}],"wp:attachment":[{"href":"https:\/\/quetzalexcursions.com\/fr\/wp-json\/wp\/v2\/media?parent=135015"}],"curies":[{"name":"wp","href":"https:\/\/api.w.org\/{rel}","templated":true}]}}