{"id":135019,"date":"2025-01-17T14:01:24","date_gmt":"2025-01-17T13:01:24","guid":{"rendered":"https:\/\/quetzalexcursions.com\/excursions\/private\/"},"modified":"2025-09-09T13:18:31","modified_gmt":"2025-09-09T12:18:31","slug":"prive","status":"publish","type":"page","link":"https:\/\/quetzalexcursions.com\/fr\/excursions\/prive\/","title":{"rendered":"Location de bateaux priv\u00e9s pour les iles Saona et Catalina"},"content":{"rendered":"\t\t<div data-elementor-type=\"wp-page\" data-elementor-id=\"135019\" class=\"elementor elementor-135019 elementor-900\" data-elementor-post-type=\"page\">\n\t\t\t\t<div class=\"elementor-element elementor-element-47e681c e-flex e-con-boxed e-con e-parent\" data-id=\"47e681c\" data-element_type=\"container\" data-settings=\"{&quot;background_background&quot;:&quot;classic&quot;,&quot;background_motion_fx_motion_fx_scrolling&quot;:&quot;yes&quot;,&quot;background_motion_fx_translateY_effect&quot;:&quot;yes&quot;,&quot;background_motion_fx_translateY_speed&quot;:{&quot;unit&quot;:&quot;px&quot;,&quot;size&quot;:5,&quot;sizes&quot;:[]},&quot;background_motion_fx_range&quot;:&quot;viewport&quot;,&quot;background_motion_fx_translateY_affectedRange&quot;:{&quot;unit&quot;:&quot;%&quot;,&quot;size&quot;:&quot;&quot;,&quot;sizes&quot;:{&quot;start&quot;:0,&quot;end&quot;:100}},&quot;background_motion_fx_devices&quot;:[&quot;desktop&quot;,&quot;tablet&quot;,&quot;mobile&quot;]}\">\n\t\t\t\t\t<div class=\"e-con-inner\">\n\t\t<div class=\"elementor-element elementor-element-aeaae05 e-con-full e-flex e-con e-child\" data-id=\"aeaae05\" data-element_type=\"container\" data-settings=\"{&quot;background_background&quot;:&quot;classic&quot;}\">\n\t\t\t\t<div class=\"elementor-element elementor-element-f9ab142 elementor-widget elementor-widget-heading\" data-id=\"f9ab142\" data-element_type=\"widget\" data-widget_type=\"heading.default\">\n\t\t\t\t<div class=\"elementor-widget-container\">\n\t\t\t\t\t<h1 class=\"elementor-heading-title elementor-size-default\">NOS EXCURSIONS PRIVEES<\/h1>\t\t\t\t<\/div>\n\t\t\t\t<\/div>\n\t\t\t\t<div class=\"elementor-element elementor-element-0c44051 elementor-widget elementor-widget-heading\" data-id=\"0c44051\" data-element_type=\"widget\" data-widget_type=\"heading.default\">\n\t\t\t\t<div class=\"elementor-widget-container\">\n\t\t\t\t\t<h2 class=\"elementor-heading-title elementor-size-default\">Vivez une exp\u00e9rience unique et concevez votre propre excursion en la rendant priv\u00e9e.<\/h2>\t\t\t\t<\/div>\n\t\t\t\t<\/div>\n\t\t\t\t<\/div>\n\t\t\t\t\t<\/div>\n\t\t\t\t<\/div>\n\t\t<div class=\"elementor-element elementor-element-b4c7b78 e-flex e-con-boxed e-con e-parent\" data-id=\"b4c7b78\" data-element_type=\"container\">\n\t\t\t\t\t<div class=\"e-con-inner\">\n\t\t\t\t<div class=\"elementor-element elementor-element-30cc5fc elementor-widget elementor-widget-text-editor\" data-id=\"30cc5fc\" data-element_type=\"widget\" data-widget_type=\"text-editor.default\">\n\t\t\t\t<div class=\"elementor-widget-container\">\n\t\t\t\t\t\t\t\t\tVous souhaitez organiser un \u00e9v\u00e9nement sp\u00e9cial en bateau ?\nNous vous proposons une s\u00e9lection soign\u00e9e de bateaux adapt\u00e9s \u00e0 vos besoins et \u00e0 votre budget. Que ce soit pour des r\u00e9unions de famille, des c\u00e9l\u00e9brations entre amis ou des \u00e9v\u00e9nements professionnels, nos options allient confort, \u00e9l\u00e9gance et moments inoubliables.\t\t\t\t\t\t\t\t<\/div>\n\t\t\t\t<\/div>\n\t\t\t\t<div class=\"elementor-element elementor-element-af4392e elementor-headline--style-highlight elementor-widget elementor-widget-animated-headline\" data-id=\"af4392e\" data-element_type=\"widget\" data-settings=\"{&quot;marker&quot;:&quot;underline_zigzag&quot;,&quot;highlighted_text&quot;:&quot;Privatisez le catamaran Quetzal&quot;,&quot;headline_style&quot;:&quot;highlight&quot;,&quot;loop&quot;:&quot;yes&quot;,&quot;highlight_animation_duration&quot;:1200,&quot;highlight_iteration_delay&quot;:8000}\" data-widget_type=\"animated-headline.default\">\n\t\t\t\t<div class=\"elementor-widget-container\">\n\t\t\t\t\t\t\t<h3 class=\"elementor-headline\">\n\t\t\t\t<span class=\"elementor-headline-dynamic-wrapper elementor-headline-text-wrapper\">\n\t\t\t\t\t<span class=\"elementor-headline-dynamic-text elementor-headline-text-active\">Privatisez le catamaran Quetzal<\/span>\n\t\t\t\t<\/span>\n\t\t\t\t<\/h3>\n\t\t\t\t\t\t<\/div>\n\t\t\t\t<\/div>\n\t\t\t\t\t<\/div>\n\t\t\t\t<\/div>\n\t\t<div class=\"elementor-element elementor-element-056a85c e-flex e-con-boxed e-con e-child\" data-id=\"056a85c\" data-element_type=\"container\" data-settings=\"{&quot;background_background&quot;:&quot;classic&quot;}\">\n\t\t\t\t\t<div class=\"e-con-inner\">\n\t\t<div class=\"elementor-element elementor-element-587e333 e-con-full e-flex e-con e-child\" data-id=\"587e333\" data-element_type=\"container\">\n\t\t<div class=\"elementor-element elementor-element-b9d5f57 e-con-full e-flex e-con e-child\" data-id=\"b9d5f57\" data-element_type=\"container\">\n\t\t\t\t<div class=\"elementor-element elementor-element-d748a87 elementor-cta--valign-bottom elementor-cta--skin-classic elementor-bg-transform elementor-bg-transform-zoom-in elementor-widget elementor-widget-call-to-action\" data-id=\"d748a87\" data-element_type=\"widget\" data-widget_type=\"call-to-action.default\">\n\t\t\t\t<div class=\"elementor-widget-container\">\n\t\t\t\t\t\t\t<a class=\"elementor-cta\" href=\"https:\/\/quetzalexcursions.com\/fr\/excursion\/excursion-privee-a-la-journee-avec-le-quetzal\/\">\n\t\t\t\t\t<div class=\"elementor-cta__bg-wrapper\">\n\t\t\t\t<div class=\"elementor-cta__bg elementor-bg\" style=\"background-image: url(https:\/\/quetzalexcursions.com\/wp-content\/uploads\/2025\/01\/QUETZAL-1024x1024.jpg);\" role=\"img\" aria-label=\"QUETZAL\"><\/div>\n\t\t\t\t<div class=\"elementor-cta__bg-overlay\"><\/div>\n\t\t\t<\/div>\n\t\t\t\t\t\t\t<div class=\"elementor-cta__content\">\n\t\t\t\t\n\t\t\t\t\t\t\t\t\t<h2 class=\"elementor-cta__title elementor-cta__content-item elementor-content-item\">\n\t\t\t\t\t\tCatamaran Quetzal - un bateau unique \t\t\t\t\t<\/h2>\n\t\t\t\t\n\t\t\t\t\t\t\t\t\t<div class=\"elementor-cta__description elementor-cta__content-item elementor-content-item\">\n\t\t\t\t\t\t<b>Max. 30 invit\u00e9s<\/b><br><br>\nCette journ\u00e9e priv\u00e9e est enti\u00e8rement personnalisable. D\u00e9couvrez des lieux magiques et planifiez des activit\u00e9s uniques pour une <b>exp\u00e9rience sur mesure<\/b> que notre \u00e9quipage se fera un plaisir de vous aider \u00e0 organiser si vous le souhaitez.\t\t\t\t\t<\/div>\n\t\t\t\t\n\t\t\t\t\t\t\t\t\t<div class=\"elementor-cta__button-wrapper elementor-cta__content-item elementor-content-item \">\n\t\t\t\t\t<span class=\"elementor-cta__button elementor-button elementor-size-\">\n\t\t\t\t\t\t R\u00e9servez en ligne!\t\t\t\t\t<\/span>\n\t\t\t\t\t<\/div>\n\t\t\t\t\t\t\t<\/div>\n\t\t\t\t\t\t<\/a>\n\t\t\t\t\t\t<\/div>\n\t\t\t\t<\/div>\n\t\t\t\t<\/div>\n\t\t<div class=\"elementor-element elementor-element-c1bcace e-con-full e-flex e-con e-child\" data-id=\"c1bcace\" data-element_type=\"container\">\n\t\t\t\t<div class=\"elementor-element elementor-element-d1fbc12 elementor-cta--valign-bottom elementor-cta--skin-classic elementor-bg-transform elementor-bg-transform-zoom-in elementor-widget elementor-widget-call-to-action\" data-id=\"d1fbc12\" data-element_type=\"widget\" data-widget_type=\"call-to-action.default\">\n\t\t\t\t<div class=\"elementor-widget-container\">\n\t\t\t\t\t\t\t<a class=\"elementor-cta\" href=\"https:\/\/quetzalexcursions.com\/fr\/excursion\/excursion-privee-2-jours-1-nuit\/\">\n\t\t\t\t\t<div class=\"elementor-cta__bg-wrapper\">\n\t\t\t\t<div class=\"elementor-cta__bg elementor-bg\" style=\"background-image: url(https:\/\/quetzalexcursions.com\/wp-content\/uploads\/2025\/01\/Quetzal-Saona-1-min-1024x768.jpg);\" role=\"img\" aria-label=\"Quetzal-Saona-1-min\"><\/div>\n\t\t\t\t<div class=\"elementor-cta__bg-overlay\"><\/div>\n\t\t\t<\/div>\n\t\t\t\t\t\t\t<div class=\"elementor-cta__content\">\n\t\t\t\t\n\t\t\t\t\t\t\t\t\t<h2 class=\"elementor-cta__title elementor-cta__content-item elementor-content-item\">\n\t\t\t\t\t\t2 jours 1 nuit avec le catamaran Quetzal\t\t\t\t\t<\/h2>\n\t\t\t\t\n\t\t\t\t\t\t\t\t\t<div class=\"elementor-cta__description elementor-cta__content-item elementor-content-item\">\n\t\t\t\t\t\t<b>Max. 6 personnes<\/b><br><br>\nCette offre est disponible uniquement de <b>mars \u00e0 juin et de septembre \u00e0 novembre.<\/b>\n\nProfitez d\u2019un s\u00e9jour de 48 heures et explorez les iles de <b>Catalina et Saona. Un s\u00e9jour sur mesure, avec des repas raffin\u00e9s et des moments de d\u00e9tente, pour une escapade inoubliable !<\/b>\t\t\t\t\t<\/div>\n\t\t\t\t\n\t\t\t\t\t\t\t\t\t<div class=\"elementor-cta__button-wrapper elementor-cta__content-item elementor-content-item \">\n\t\t\t\t\t<span class=\"elementor-cta__button elementor-button elementor-size-\">\n\t\t\t\t\t\t R\u00e9servez en ligne!\t\t\t\t\t<\/span>\n\t\t\t\t\t<\/div>\n\t\t\t\t\t\t\t<\/div>\n\t\t\t\t\t\t<\/a>\n\t\t\t\t\t\t<\/div>\n\t\t\t\t<\/div>\n\t\t\t\t<\/div>\n\t\t\t\t<\/div>\n\t\t\t\t\t<\/div>\n\t\t\t\t<\/div>\n\t\t<div class=\"elementor-element elementor-element-ccd3c44 e-flex e-con-boxed e-con e-parent\" data-id=\"ccd3c44\" data-element_type=\"container\">\n\t\t\t\t\t<div class=\"e-con-inner\">\n\t\t\t\t<div class=\"elementor-element elementor-element-0c0e5df elementor-headline--style-highlight elementor-widget elementor-widget-animated-headline\" data-id=\"0c0e5df\" data-element_type=\"widget\" data-settings=\"{&quot;marker&quot;:&quot;underline_zigzag&quot;,&quot;highlighted_text&quot;:&quot;D\\u00e9couvrez nos autres bateaux disponibles &quot;,&quot;headline_style&quot;:&quot;highlight&quot;,&quot;loop&quot;:&quot;yes&quot;,&quot;highlight_animation_duration&quot;:1200,&quot;highlight_iteration_delay&quot;:8000}\" data-widget_type=\"animated-headline.default\">\n\t\t\t\t<div class=\"elementor-widget-container\">\n\t\t\t\t\t\t\t<h3 class=\"elementor-headline\">\n\t\t\t\t<span class=\"elementor-headline-dynamic-wrapper elementor-headline-text-wrapper\">\n\t\t\t\t\t<span class=\"elementor-headline-dynamic-text elementor-headline-text-active\">D\u00e9couvrez nos autres bateaux disponibles <\/span>\n\t\t\t\t<\/span>\n\t\t\t\t<\/h3>\n\t\t\t\t\t\t<\/div>\n\t\t\t\t<\/div>\n\t\t\t\t\t<\/div>\n\t\t\t\t<\/div>\n\t\t<div class=\"elementor-element elementor-element-41fbb01 e-flex e-con-boxed e-con e-child\" data-id=\"41fbb01\" data-element_type=\"container\" data-settings=\"{&quot;background_background&quot;:&quot;classic&quot;}\">\n\t\t\t\t\t<div class=\"e-con-inner\">\n\t\t<div class=\"elementor-element elementor-element-9e1da82 e-con-full e-flex e-con e-child\" data-id=\"9e1da82\" data-element_type=\"container\">\n\t\t<div class=\"elementor-element elementor-element-5950896 e-con-full e-flex e-con e-child\" data-id=\"5950896\" data-element_type=\"container\">\n\t\t\t\t<div class=\"elementor-element elementor-element-65f6546 elementor-cta--valign-bottom elementor-cta--skin-classic elementor-bg-transform elementor-bg-transform-zoom-in elementor-widget elementor-widget-call-to-action\" data-id=\"65f6546\" data-element_type=\"widget\" data-widget_type=\"call-to-action.default\">\n\t\t\t\t<div class=\"elementor-widget-container\">\n\t\t\t\t\t\t\t<a class=\"elementor-cta\" href=\"https:\/\/quetzalexcursions.com\/fr\/excursion\/excursion-privee-a-la-journee-en-voilier-13m\/\">\n\t\t\t\t\t<div class=\"elementor-cta__bg-wrapper\">\n\t\t\t\t<div class=\"elementor-cta__bg elementor-bg\" style=\"background-image: url(https:\/\/quetzalexcursions.com\/wp-content\/uploads\/2025\/01\/vue-aerienne-voile.jpg);\" role=\"img\" aria-label=\"vue-aerienne-voile\"><\/div>\n\t\t\t\t<div class=\"elementor-cta__bg-overlay\"><\/div>\n\t\t\t<\/div>\n\t\t\t\t\t\t\t<div class=\"elementor-cta__content\">\n\t\t\t\t\n\t\t\t\t\t\t\t\t\t<h2 class=\"elementor-cta__title elementor-cta__content-item elementor-content-item\">\n\t\t\t\t\t\tCatamaran \u00e0 voiles\t\t\t\t\t<\/h2>\n\t\t\t\t\n\t\t\t\t\t\t\t\t\t<div class=\"elementor-cta__description elementor-cta__content-item elementor-content-item\">\n\t\t\t\t\t\t<b>Max. 10 personnes<\/b><br><br>\nVenez profiter d\u2019une journ\u00e9e \u00e0 bord de ce voilier de 13 m\u00e8tres\u2026 Le confort est garanti !\nVous vous sentirez chez vous \u00e0 bord !<br><br>\n\n<b>\u00cele Saona, \u00cele Catalina ou piscine naturelle de Las Palmillas\u2026<\/b> Dites-nous ce que vous souhaitez, nous nous occupons de vous proposer une excursion sur mesure !\t\t\t\t\t<\/div>\n\t\t\t\t\n\t\t\t\t\t\t\t\t\t<div class=\"elementor-cta__button-wrapper elementor-cta__content-item elementor-content-item \">\n\t\t\t\t\t<span class=\"elementor-cta__button elementor-button elementor-size-\">\n\t\t\t\t\t\t R\u00e9servez en ligne!\t\t\t\t\t<\/span>\n\t\t\t\t\t<\/div>\n\t\t\t\t\t\t\t<\/div>\n\t\t\t\t\t\t<\/a>\n\t\t\t\t\t\t<\/div>\n\t\t\t\t<\/div>\n\t\t\t\t<\/div>\n\t\t<div class=\"elementor-element elementor-element-393041e e-con-full e-flex e-con e-child\" data-id=\"393041e\" data-element_type=\"container\">\n\t\t\t\t<div class=\"elementor-element elementor-element-28c8ed4 elementor-cta--valign-bottom elementor-cta--skin-classic elementor-bg-transform elementor-bg-transform-zoom-in elementor-widget elementor-widget-call-to-action\" data-id=\"28c8ed4\" data-element_type=\"widget\" data-widget_type=\"call-to-action.default\">\n\t\t\t\t<div class=\"elementor-widget-container\">\n\t\t\t\t\t\t\t<a class=\"elementor-cta\" href=\"https:\/\/quetzalexcursions.com\/fr\/excursion\/journee-privee-en-yacht-style-peche\/\">\n\t\t\t\t\t<div class=\"elementor-cta__bg-wrapper\">\n\t\t\t\t<div class=\"elementor-cta__bg elementor-bg\" style=\"background-image: url(https:\/\/quetzalexcursions.com\/wp-content\/uploads\/2025\/01\/YACHT-FISHING-STYLE-1024x576.jpg);\" role=\"img\" aria-label=\"YACHT-FISHING-STYLE\"><\/div>\n\t\t\t\t<div class=\"elementor-cta__bg-overlay\"><\/div>\n\t\t\t<\/div>\n\t\t\t\t\t\t\t<div class=\"elementor-cta__content\">\n\t\t\t\t\n\t\t\t\t\t\t\t\t\t<h2 class=\"elementor-cta__title elementor-cta__content-item elementor-content-item\">\n\t\t\t\t\t\tYacht de 15 m\u00e8tres tout confort\t\t\t\t\t<\/h2>\n\t\t\t\t\n\t\t\t\t\t\t\t\t\t<div class=\"elementor-cta__description elementor-cta__content-item elementor-content-item\">\n\t\t\t\t\t\t<b>Max. 8 personnes<\/b><br><br>\nQuetzal vous propose un voyage unique en R\u00e9publique Dominicaine, \u00e0 privatiser avec vos amis ou votre famille !<br><br>\n\nInstallez-vous \u00e0 bord de ce <b>yacht confortable de 13 m\u00e8tres\u2026 Et si vous \u00eates passionn\u00e9 de p\u00eache, profitez gratuitement des \u00e9quipements de p\u00eache \u00e0 bord !<\/b>\t\t\t\t\t<\/div>\n\t\t\t\t\n\t\t\t\t\t\t\t\t\t<div class=\"elementor-cta__button-wrapper elementor-cta__content-item elementor-content-item \">\n\t\t\t\t\t<span class=\"elementor-cta__button elementor-button elementor-size-\">\n\t\t\t\t\t\t R\u00e9servez en ligne!\t\t\t\t\t<\/span>\n\t\t\t\t\t<\/div>\n\t\t\t\t\t\t\t<\/div>\n\t\t\t\t\t\t<\/a>\n\t\t\t\t\t\t<\/div>\n\t\t\t\t<\/div>\n\t\t\t\t<\/div>\n\t\t<div class=\"elementor-element elementor-element-fa9f45d e-con-full e-flex e-con e-child\" data-id=\"fa9f45d\" data-element_type=\"container\">\n\t\t\t\t<div class=\"elementor-element elementor-element-6dc75d6 elementor-cta--valign-bottom elementor-cta--skin-classic elementor-bg-transform elementor-bg-transform-zoom-in elementor-widget elementor-widget-call-to-action\" data-id=\"6dc75d6\" data-element_type=\"widget\" data-widget_type=\"call-to-action.default\">\n\t\t\t\t<div class=\"elementor-widget-container\">\n\t\t\t\t\t\t\t<a class=\"elementor-cta\" href=\"https:\/\/quetzalexcursions.com\/fr\/excursion\/excursion-privee-a-la-journee-en-catamaran-a-moteurs\/\">\n\t\t\t\t\t<div class=\"elementor-cta__bg-wrapper\">\n\t\t\t\t<div class=\"elementor-cta__bg elementor-bg\" style=\"background-image: url(https:\/\/quetzalexcursions.com\/wp-content\/uploads\/2025\/01\/CATAMARAN-MOTORISE-1-1024x1024.jpg);\" role=\"img\" aria-label=\"CATAMARAN-MOTORISE-1\"><\/div>\n\t\t\t\t<div class=\"elementor-cta__bg-overlay\"><\/div>\n\t\t\t<\/div>\n\t\t\t\t\t\t\t<div class=\"elementor-cta__content\">\n\t\t\t\t\n\t\t\t\t\t\t\t\t\t<h2 class=\"elementor-cta__title elementor-cta__content-item elementor-content-item\">\n\t\t\t\t\t\tCatamaran motoris\u00e9 sp\u00e9cial grands groupes\t\t\t\t\t<\/h2>\n\t\t\t\t\n\t\t\t\t\t\t\t\t\t<div class=\"elementor-cta__description elementor-cta__content-item elementor-content-item\">\n\t\t\t\t\t\t<b>Max invit\u00e9s: 60<\/b><br><br>\nVous voyagez nombreux en R\u00e9publique Dominicaine et vous souhaiteriez vous retrouver tous \u00e0 bord du m\u00eame bateau pour partager une journ\u00e9e inoubliable ?<br><br>\n\n<b>Quetzal excursion met \u00e0 votre disposition ce confortable bateau \u00e0 moteurs d\u2019une capacit\u00e9 de 60 personnes maximum.<\/b><br><br>\n\n<b>\u00cele Saona, Catalina <\/b>ou <b>Las Palmillas<\/b>, choisissez votre destination id\u00e9ale, et laissez-nous cr\u00e9er pour vous une<b> excursion sur mesure<\/b>, adapt\u00e9e \u00e0 vos envies et vos besoins !\t\t\t\t\t<\/div>\n\t\t\t\t\n\t\t\t\t\t\t\t\t\t<div class=\"elementor-cta__button-wrapper elementor-cta__content-item elementor-content-item \">\n\t\t\t\t\t<span class=\"elementor-cta__button elementor-button elementor-size-\">\n\t\t\t\t\t\t R\u00e9servez en ligne!\t\t\t\t\t<\/span>\n\t\t\t\t\t<\/div>\n\t\t\t\t\t\t\t<\/div>\n\t\t\t\t\t\t<\/a>\n\t\t\t\t\t\t<\/div>\n\t\t\t\t<\/div>\n\t\t\t\t<\/div>\n\t\t<div class=\"elementor-element elementor-element-7142d20 e-con-full e-flex e-con e-child\" data-id=\"7142d20\" data-element_type=\"container\">\n\t\t\t\t<div class=\"elementor-element elementor-element-af41af9 elementor-cta--valign-bottom elementor-cta--skin-classic elementor-bg-transform elementor-bg-transform-zoom-in elementor-widget elementor-widget-call-to-action\" data-id=\"af41af9\" data-element_type=\"widget\" data-widget_type=\"call-to-action.default\">\n\t\t\t\t<div class=\"elementor-widget-container\">\n\t\t\t\t\t\t\t<a class=\"elementor-cta\" href=\"https:\/\/quetzalexcursions.com\/fr\/excursion\/excursion-privee-a-la-journee-bateau-rapide-mini-yacht\/\">\n\t\t\t\t\t<div class=\"elementor-cta__bg-wrapper\">\n\t\t\t\t<div class=\"elementor-cta__bg elementor-bg\" style=\"background-image: url(https:\/\/quetzalexcursions.com\/wp-content\/uploads\/2025\/01\/BATEAU-RAPIDE-LUXE-1024x1024.jpg);\" role=\"img\" aria-label=\"BATEAU-RAPIDE-LUXE\"><\/div>\n\t\t\t\t<div class=\"elementor-cta__bg-overlay\"><\/div>\n\t\t\t<\/div>\n\t\t\t\t\t\t\t<div class=\"elementor-cta__content\">\n\t\t\t\t\n\t\t\t\t\t\t\t\t\t<h2 class=\"elementor-cta__title elementor-cta__content-item elementor-content-item\">\n\t\t\t\t\t\tBateau rapide de luxe\t\t\t\t\t<\/h2>\n\t\t\t\t\n\t\t\t\t\t\t\t\t\t<div class=\"elementor-cta__description elementor-cta__content-item elementor-content-item\">\n\t\t\t\t\t\t<b>Max invit\u00e9s: 6<\/b><br><br>\n\n<b>Venez profiter d\u2019une journ\u00e9e d\u2019adr\u00e9naline \u00e0 bord d\u2019un vrai BATEAU RAPIDE confortable\u2026<\/b>\n<br><br>\n<b>Ce mini yacht de 11 m\u00e8tres vous garantit une exp\u00e9rience unique<\/b>, il vous emm\u00e8nera, selon vos souhaits, sur l\u2019ile de Saona et\/ou piscine naturelle Las Palmillas!\nGr\u00e2ce a sa rapidit\u00e9 vous passerez moins de temps en trajet et profiterez pleinement de chaque arr\u00eat ! <br><br>\nBou\u00e9es et table de paddle inclus pour profiter pleinement \u00e0 la piscine naturelle.\n\t\t\t\t\t<\/div>\n\t\t\t\t\n\t\t\t\t\t\t\t\t\t<div class=\"elementor-cta__button-wrapper elementor-cta__content-item elementor-content-item \">\n\t\t\t\t\t<span class=\"elementor-cta__button elementor-button elementor-size-\">\n\t\t\t\t\t\t R\u00e9servez en ligne!\t\t\t\t\t<\/span>\n\t\t\t\t\t<\/div>\n\t\t\t\t\t\t\t<\/div>\n\t\t\t\t\t\t<\/a>\n\t\t\t\t\t\t<\/div>\n\t\t\t\t<\/div>\n\t\t\t\t<\/div>\n\t\t\t\t<\/div>\n\t\t\t\t\t<\/div>\n\t\t\t\t<\/div>\n\t\t<div class=\"elementor-element elementor-element-dbf32a2 e-flex e-con-boxed e-con e-parent\" data-id=\"dbf32a2\" data-element_type=\"container\">\n\t\t\t\t\t<div class=\"e-con-inner\">\n\t\t\t\t<div class=\"elementor-element elementor-element-99d04cf elementor-headline--style-highlight elementor-widget elementor-widget-animated-headline\" data-id=\"99d04cf\" data-element_type=\"widget\" data-settings=\"{&quot;marker&quot;:&quot;underline_zigzag&quot;,&quot;highlighted_text&quot;:&quot;Vous cherchez autre chose?&quot;,&quot;headline_style&quot;:&quot;highlight&quot;,&quot;loop&quot;:&quot;yes&quot;,&quot;highlight_animation_duration&quot;:1200,&quot;highlight_iteration_delay&quot;:8000}\" data-widget_type=\"animated-headline.default\">\n\t\t\t\t<div class=\"elementor-widget-container\">\n\t\t\t\t\t\t\t<h3 class=\"elementor-headline\">\n\t\t\t\t<span class=\"elementor-headline-dynamic-wrapper elementor-headline-text-wrapper\">\n\t\t\t\t\t<span class=\"elementor-headline-dynamic-text elementor-headline-text-active\">Vous cherchez autre chose?<\/span>\n\t\t\t\t<\/span>\n\t\t\t\t<\/h3>\n\t\t\t\t\t\t<\/div>\n\t\t\t\t<\/div>\n\t\t\t\t\t<\/div>\n\t\t\t\t<\/div>\n\t\t<div class=\"elementor-element elementor-element-162ed4e6 e-flex e-con-boxed e-con e-child\" data-id=\"162ed4e6\" data-element_type=\"container\" data-settings=\"{&quot;background_background&quot;:&quot;classic&quot;}\">\n\t\t\t\t\t<div class=\"e-con-inner\">\n\t\t<div class=\"elementor-element elementor-element-47994511 e-con-full e-flex e-con e-child\" data-id=\"47994511\" data-element_type=\"container\">\n\t\t<div class=\"elementor-element elementor-element-44e2c2b e-con-full e-flex e-con e-child\" data-id=\"44e2c2b\" data-element_type=\"container\">\n\t\t\t\t<div class=\"elementor-element elementor-element-13244891 elementor-cta--skin-cover elementor-cta--valign-bottom elementor-bg-transform elementor-bg-transform-zoom-in elementor-widget elementor-widget-call-to-action\" data-id=\"13244891\" data-element_type=\"widget\" data-widget_type=\"call-to-action.default\">\n\t\t\t\t<div class=\"elementor-widget-container\">\n\t\t\t\t\t\t\t<a class=\"elementor-cta\" href=\"https:\/\/quetzalexcursions.com\/fr\/excursions\/excursions-et-activites\/\">\n\t\t\t\t\t<div class=\"elementor-cta__bg-wrapper\">\n\t\t\t\t<div class=\"elementor-cta__bg elementor-bg\" style=\"background-image: url(https:\/\/quetzalexcursions.com\/wp-content\/uploads\/2025\/01\/quetzal-catamaran-saona-excursion-1-1024x576.jpg);\" role=\"img\" aria-label=\"quetzal-catamaran-saona-excursion-1\"><\/div>\n\t\t\t\t<div class=\"elementor-cta__bg-overlay\"><\/div>\n\t\t\t<\/div>\n\t\t\t\t\t\t\t<div class=\"elementor-cta__content\">\n\t\t\t\t\n\t\t\t\t\n\t\t\t\t\n\t\t\t\t\t\t\t\t\t<div class=\"elementor-cta__button-wrapper elementor-cta__content-item elementor-content-item \">\n\t\t\t\t\t<span class=\"elementor-cta__button elementor-button elementor-size-\">\n\t\t\t\t\t\tEXCURSIONS r\u00e9guli\u00e8res\t\t\t\t\t<\/span>\n\t\t\t\t\t<\/div>\n\t\t\t\t\t\t\t<\/div>\n\t\t\t\t\t\t<\/a>\n\t\t\t\t\t\t<\/div>\n\t\t\t\t<\/div>\n\t\t\t\t<\/div>\n\t\t<div class=\"elementor-element elementor-element-225989bf e-con-full e-flex e-con e-child\" data-id=\"225989bf\" data-element_type=\"container\">\n\t\t\t\t<div class=\"elementor-element elementor-element-f568919 elementor-cta--skin-cover elementor-cta--valign-bottom elementor-bg-transform elementor-bg-transform-zoom-in elementor-widget elementor-widget-call-to-action\" data-id=\"f568919\" data-element_type=\"widget\" data-widget_type=\"call-to-action.default\">\n\t\t\t\t<div class=\"elementor-widget-container\">\n\t\t\t\t\t\t\t<a class=\"elementor-cta\" href=\"https:\/\/quetzalexcursions.com\/fr\/excursions\/combos\/\">\n\t\t\t\t\t<div class=\"elementor-cta__bg-wrapper\">\n\t\t\t\t<div class=\"elementor-cta__bg elementor-bg\" style=\"background-image: url(https:\/\/quetzalexcursions.com\/wp-content\/uploads\/2025\/01\/two-islands-combo-2-1024x376.png);\" role=\"img\" aria-label=\"two-islands-combo-2\"><\/div>\n\t\t\t\t<div class=\"elementor-cta__bg-overlay\"><\/div>\n\t\t\t<\/div>\n\t\t\t\t\t\t\t<div class=\"elementor-cta__content\">\n\t\t\t\t\n\t\t\t\t\n\t\t\t\t\n\t\t\t\t\t\t\t\t\t<div class=\"elementor-cta__button-wrapper elementor-cta__content-item elementor-content-item \">\n\t\t\t\t\t<span class=\"elementor-cta__button elementor-button elementor-size-\">\n\t\t\t\t\t\tPACKS ECONOMIQUES\t\t\t\t\t<\/span>\n\t\t\t\t\t<\/div>\n\t\t\t\t\t\t\t<\/div>\n\t\t\t\t\t\t<\/a>\n\t\t\t\t\t\t<\/div>\n\t\t\t\t<\/div>\n\t\t\t\t<\/div>\n\t\t\t\t<\/div>\n\t\t\t\t\t<\/div>\n\t\t\t\t<\/div>\n\t\t<div class=\"elementor-element elementor-element-3385993 e-flex e-con-boxed e-con e-parent\" data-id=\"3385993\" data-element_type=\"container\">\n\t\t\t\t\t<div class=\"e-con-inner\">\n\t\t\t\t<div class=\"elementor-element elementor-element-ec53f75 elementor-widget elementor-widget-html\" data-id=\"ec53f75\" data-element_type=\"widget\" data-widget_type=\"html.default\">\n\t\t\t\t<div class=\"elementor-widget-container\">\n\t\t\t\t\t<script defer async src='https:\/\/cdn.trustindex.io\/loader.js?b6d740e53ffa76232656cc91065'><\/script>\t\t\t\t<\/div>\n\t\t\t\t<\/div>\n\t\t\t\t\t<\/div>\n\t\t\t\t<\/div>\n\t\t\t\t<\/div>\n\t\t","protected":false},"excerpt":{"rendered":"<p>NOS EXCURSIONS PRIVEES Vivez une exp\u00e9rience unique et concevez votre propre excursion en la rendant priv\u00e9e. Vous souhaitez organiser un \u00e9v\u00e9nement sp\u00e9cial en bateau ? Nous vous proposons une s\u00e9lection soign\u00e9e de bateaux adapt\u00e9s \u00e0 vos besoins et \u00e0 votre budget. Que ce soit pour des r\u00e9unions de famille, des c\u00e9l\u00e9brations entre amis ou des [&hellip;]<\/p>\n","protected":false},"author":1,"featured_media":0,"parent":134988,"menu_order":0,"comment_status":"closed","ping_status":"closed","template":"","meta":{"_acf_changed":false,"footnotes":""},"class_list":["post-135019","page","type-page","status-publish","hentry"],"acf":[],"_links":{"self":[{"href":"https:\/\/quetzalexcursions.com\/fr\/wp-json\/wp\/v2\/pages\/135019","targetHints":{"allow":["GET"]}}],"collection":[{"href":"https:\/\/quetzalexcursions.com\/fr\/wp-json\/wp\/v2\/pages"}],"about":[{"href":"https:\/\/quetzalexcursions.com\/fr\/wp-json\/wp\/v2\/types\/page"}],"author":[{"embeddable":true,"href":"https:\/\/quetzalexcursions.com\/fr\/wp-json\/wp\/v2\/users\/1"}],"replies":[{"embeddable":true,"href":"https:\/\/quetzalexcursions.com\/fr\/wp-json\/wp\/v2\/comments?post=135019"}],"version-history":[{"count":49,"href":"https:\/\/quetzalexcursions.com\/fr\/wp-json\/wp\/v2\/pages\/135019\/revisions"}],"predecessor-version":[{"id":149613,"href":"https:\/\/quetzalexcursions.com\/fr\/wp-json\/wp\/v2\/pages\/135019\/revisions\/149613"}],"up":[{"embeddable":true,"href":"https:\/\/quetzalexcursions.com\/fr\/wp-json\/wp\/v2\/pages\/134988"}],"wp:attachment":[{"href":"https:\/\/quetzalexcursions.com\/fr\/wp-json\/wp\/v2\/media?parent=135019"}],"curies":[{"name":"wp","href":"https:\/\/api.w.org\/{rel}","templated":true}]}}